
{"id":3920,"date":"2017-06-21T11:45:28","date_gmt":"2017-06-21T16:45:28","guid":{"rendered":"http:\/\/metrorealtypanama.com\/services\/"},"modified":"2022-03-20T19:43:47","modified_gmt":"2022-03-21T00:43:47","slug":"services","status":"publish","type":"page","link":"https:\/\/metrorealtypanama.com\/fr\/services\/","title":{"rendered":"Nos services"},"content":{"rendered":"<p>Chez Metro Realty, nous cherchons \u00e0 offrir \u00e0 nos clients un syst\u00e8me int\u00e9gral de services, o\u00f9 gr\u00e2ce \u00e0 notre \u00e9quipe, vous pouvez obtenir une satisfaction compl\u00e8te, en offrant parmi nos services, des conseils en placement immobilier, nous travaillons dur pour trouver la propri\u00e9t\u00e9 que vous d\u00e9sirez, les comptes bancaires ensemble avec notre \u00e9quipe d&#8217;avocats, pourra g\u00e9rer votre processus de migration, parmi les services les plus remarquables que notre soci\u00e9t\u00e9 offre \u00e0 nos clients.<\/p>\n<p>&nbsp;<\/p>\n<p><strong>Notre entreprise englobe<\/strong><\/p>\n<ul>\n<li>Services bancaires et financiers<\/li>\n<li>ventes r\u00e9sidentielles et \/ ou location<\/li>\n<li>vente et \/ ou location commerciale<\/li>\n<li>services de conseil pour le d\u00e9veloppement immobilier<\/li>\n<li>gestion de la propri\u00e9t\u00e9<\/li>\n<li>services de conciergerie<\/li>\n<\/ul>\n<p>&nbsp;<\/p>\n<p><strong>Services bancaires et financiers<\/strong><\/p>\n<p>Au cours des derni\u00e8res ann\u00e9es, Panama City est devenu le centre bancaire d&#8217;Am\u00e9rique latine avec de nombreuses protections en place pour s\u00e9curiser les investissements. Metro Realty a d&#8217;excellentes relations avec les banques locales pour aider nos clients \u00e0 naviguer facilement dans les hypoth\u00e8ques r\u00e9sidentielles et commerciales.<\/p>\n<p>&nbsp;<\/p>\n<p><strong>Location et vente r\u00e9sidentielle et commerciale<\/strong><\/p>\n<p>Metro Realty maintient un portefeuille croissant de propri\u00e9t\u00e9s r\u00e9sidentielles et commerciales dans tout le Panama. Nous travaillons \u00e9galement avec de nombreuses soci\u00e9t\u00e9s multinationales, aidons les particuliers et les familles \u00e0 d\u00e9m\u00e9nager au Panama et aident les retrait\u00e9s \u00e0 louer ou \u00e0 acheter leurs maisons de r\u00eave dans de nombreuses communaut\u00e9s de la plage et de la montagne, telles que Coronado, Bijao et El Valle de Anton.<\/p>\n<p>&nbsp;<\/p>\n<p><strong>Conseils et conseils<\/strong><\/p>\n<p>Avec notre connaissance du march\u00e9 panam\u00e9en, nous conseillons sur les sites potentiels pour les investissements, les types de projets \u00e0 d\u00e9velopper et les march\u00e9s auxquels ils devraient \u00eatre dirig\u00e9s.<\/p>\n<p>Tout au long des ann\u00e9es, nous avons parcouru des clients \u00e0 travers plusieurs projets r\u00e9sidentiels du d\u00e9but \u00e0 la fin; d&#8217;identifier le terrain et d&#8217;aider \u00e0 la conceptualisation \u00e0 leur publicit\u00e9 et \u00e0 leur vente subs\u00e9quentes.<\/p>\n<p>&nbsp;<\/p>\n<p><strong>Services de conciergerie<\/strong><\/p>\n<p>En tant que service suppl\u00e9mentaire, nous avons un d\u00e9partement d\u00e9di\u00e9 \u00e0 aider les expatri\u00e9s \u00e0 d\u00e9m\u00e9nager avec l&#8217;une des nombreuses soci\u00e9t\u00e9s multinationales telles que Nestl\u00e9, Adidas, Sanofi, UBS Bank (parmi beaucoup d&#8217;autres) qui ont maintenant des bureaux r\u00e9gionaux et un si\u00e8ge au Panama.<\/p>\n<p>Chez Metro Realty, nous nous assurons que tous les aspects des mouvements de nos clients sont aussi harmonieux que possible et offrent une attention personnalis\u00e9e pour vous aider \u00e0 vous installer et \u00e0 vous adapter \u00e0 votre nouvelle vie au Panama, \u00e0 fournir des informations, \u00e0 assister \u00e0 la journ\u00e9e, le jour de la connexion des services publics, le choix des meubles, l&#8217;aide \u00e0 l&#8217;inscription scolaire et tout ce dont vous pourriez avoir besoin pendant le processus.<\/p>\n<p>&nbsp;<\/p>\n<p><strong>L\u00e9gal<\/strong><\/p>\n<p>Afin d&#8217;\u00e9viter les inconv\u00e9nients, il est toujours conseill\u00e9 d&#8217;avoir des avocats exp\u00e9riment\u00e9s et comp\u00e9tents pour vous guider dans le processus, en particulier ceux qui ne sont pas familiers avec le droit panam\u00e9en. Avec nos partenaires commerciaux, Metro Realty compte deux cabinets d&#8217;avocats. L&#8217;un est sp\u00e9cialis\u00e9 en mati\u00e8re d&#8217;immigration et l&#8217;autre en mati\u00e8re d&#8217;affaires, comme les taxes, l&#8217;achat et la vente de propri\u00e9t\u00e9s et l&#8217;acquisition de soci\u00e9t\u00e9s.<\/p>\n","protected":false},"excerpt":{"rendered":"<p>Chez Metro Realty, nous cherchons \u00e0 offrir \u00e0 nos clients un syst\u00e8me int\u00e9gral de services, o\u00f9 gr\u00e2ce \u00e0 notre \u00e9quipe, vous pouvez obtenir une satisfaction compl\u00e8te, en offrant parmi nos services, des conseils en placement immobilier, nous travaillons dur pour trouver la propri\u00e9t\u00e9 que vous d\u00e9sirez, les comptes bancaires ensemble avec notre \u00e9quipe d&#8217;avocats, pourra [&hellip;]<\/p>\n","protected":false},"author":31,"featured_media":980,"parent":0,"menu_order":0,"comment_status":"closed","ping_status":"closed","template":"","meta":{"_acf_changed":false,"footnotes":""},"class_list":["post-3920","page","type-page","status-publish","has-post-thumbnail","hentry"],"acf":[],"aioseo_notices":[],"aioseo_head":"\n\t\t<!-- All in One SEO Pro 4.9.5.2 - aioseo.com -->\n\t<meta name=\"description\" content=\"Chez Metro Realty, nous cherchons \u00e0 offrir \u00e0 nos clients un syst\u00e8me int\u00e9gral de services, o\u00f9 gr\u00e2ce \u00e0 notre \u00e9quipe, vous pouvez obtenir une satisfaction compl\u00e8te, en offrant parmi nos services, des conseils en placement immobilier, nous travaillons dur pour trouver la propri\u00e9t\u00e9 que vous d\u00e9sirez, les comptes bancaires ensemble avec notre \u00e9quipe d&#039;avocats, pourra\" \/>\n\t<meta name=\"robots\" content=\"max-image-preview:large\" \/>\n\t<meta name=\"msvalidate.01\" content=\"018CAF02C813ED25E2A2E75353082B4B\" \/>\n\t<link rel=\"canonical\" href=\"https:\/\/metrorealtypanama.com\/fr\/services\/\" \/>\n\t<meta name=\"generator\" content=\"All in One SEO Pro (AIOSEO) 4.9.5.2\" \/>\n\t\t<meta property=\"og:locale\" content=\"fr_FR\" \/>\n\t\t<meta property=\"og:site_name\" content=\"Metro Realty Panama | Find &amp; Sell Your Panama Real Estate Properties with Metro Realty\" \/>\n\t\t<meta property=\"og:type\" content=\"article\" \/>\n\t\t<meta property=\"og:title\" content=\"Nos services | Metro Realty Panama\" \/>\n\t\t<meta property=\"og:description\" content=\"Chez Metro Realty, nous cherchons \u00e0 offrir \u00e0 nos clients un syst\u00e8me int\u00e9gral de services, o\u00f9 gr\u00e2ce \u00e0 notre \u00e9quipe, vous pouvez obtenir une satisfaction compl\u00e8te, en offrant parmi nos services, des conseils en placement immobilier, nous travaillons dur pour trouver la propri\u00e9t\u00e9 que vous d\u00e9sirez, les comptes bancaires ensemble avec notre \u00e9quipe d&#039;avocats, pourra\" \/>\n\t\t<meta property=\"og:url\" content=\"https:\/\/metrorealtypanama.com\/fr\/services\/\" \/>\n\t\t<meta property=\"og:image\" content=\"https:\/\/metrorealtypanama.com\/wp-content\/uploads\/2023\/03\/facebook-metro-realty-panama.webp\" \/>\n\t\t<meta property=\"og:image:secure_url\" content=\"https:\/\/metrorealtypanama.com\/wp-content\/uploads\/2023\/03\/facebook-metro-realty-panama.webp\" \/>\n\t\t<meta property=\"og:image:width\" content=\"1246\" \/>\n\t\t<meta property=\"og:image:height\" content=\"1251\" \/>\n\t\t<meta property=\"article:published_time\" content=\"2017-06-21T16:45:28+00:00\" \/>\n\t\t<meta property=\"article:modified_time\" content=\"2022-03-21T00:43:47+00:00\" \/>\n\t\t<meta property=\"article:publisher\" content=\"https:\/\/facebook.com\/MetroRealtyPanama\" \/>\n\t\t<meta name=\"twitter:card\" content=\"summary\" \/>\n\t\t<meta name=\"twitter:site\" content=\"@MetroRealtyPanama\" \/>\n\t\t<meta name=\"twitter:title\" content=\"Nos services | Metro Realty Panama\" \/>\n\t\t<meta name=\"twitter:description\" content=\"Chez Metro Realty, nous cherchons \u00e0 offrir \u00e0 nos clients un syst\u00e8me int\u00e9gral de services, o\u00f9 gr\u00e2ce \u00e0 notre \u00e9quipe, vous pouvez obtenir une satisfaction compl\u00e8te, en offrant parmi nos services, des conseils en placement immobilier, nous travaillons dur pour trouver la propri\u00e9t\u00e9 que vous d\u00e9sirez, les comptes bancaires ensemble avec notre \u00e9quipe d&#039;avocats, pourra\" \/>\n\t\t<meta name=\"twitter:creator\" content=\"@MetroRealtyPanama\" \/>\n\t\t<meta name=\"twitter:image\" content=\"https:\/\/www.metrorealtypanama.com\/wp-content\/uploads\/2022\/09\/logo-1x1-actualizado-fondo-copy.jpg\" \/>\n\t\t<script type=\"application\/ld+json\" class=\"aioseo-schema\">\n\t\t\t{\"@context\":\"https:\\\/\\\/schema.org\",\"@graph\":[{\"@type\":\"BreadcrumbList\",\"@id\":\"https:\\\/\\\/metrorealtypanama.com\\\/fr\\\/services\\\/#breadcrumblist\",\"itemListElement\":[{\"@type\":\"ListItem\",\"@id\":\"https:\\\/\\\/metrorealtypanama.com\\\/fr\\\/#listItem\",\"position\":1,\"name\":\"Home\",\"item\":\"https:\\\/\\\/metrorealtypanama.com\\\/fr\\\/\",\"nextItem\":{\"@type\":\"ListItem\",\"@id\":\"https:\\\/\\\/metrorealtypanama.com\\\/fr\\\/services\\\/#listItem\",\"name\":\"Nos services\"}},{\"@type\":\"ListItem\",\"@id\":\"https:\\\/\\\/metrorealtypanama.com\\\/fr\\\/services\\\/#listItem\",\"position\":2,\"name\":\"Nos services\",\"previousItem\":{\"@type\":\"ListItem\",\"@id\":\"https:\\\/\\\/metrorealtypanama.com\\\/fr\\\/#listItem\",\"name\":\"Home\"}}]},{\"@type\":\"Organization\",\"@id\":\"https:\\\/\\\/metrorealtypanama.com\\\/fr\\\/#organization\",\"name\":\"Metro Realty Panama\",\"description\":\"Find & Sell Your Panama Real Estate Properties with Metro Realty\",\"url\":\"https:\\\/\\\/metrorealtypanama.com\\\/fr\\\/\",\"email\":\"info@metrorealtypanama.com\",\"telephone\":\"+17273642591\",\"logo\":{\"@type\":\"ImageObject\",\"url\":\"https:\\\/\\\/metrorealtypanama.com\\\/wp-content\\\/uploads\\\/2023\\\/03\\\/metro-realty-panama.webp\",\"@id\":\"https:\\\/\\\/metrorealtypanama.com\\\/fr\\\/services\\\/#organizationLogo\",\"width\":463,\"height\":455,\"caption\":\"metro realty panama\"},\"image\":{\"@id\":\"https:\\\/\\\/metrorealtypanama.com\\\/fr\\\/services\\\/#organizationLogo\"},\"sameAs\":[\"https:\\\/\\\/facebook.com\\\/MetroRealtyPanama\",\"https:\\\/\\\/x.com\\\/MetroRealtyPanama\",\"https:\\\/\\\/instagram.com\\\/MetroRealtyPanama\",\"https:\\\/\\\/pinterest.com\\\/MetroRealtyPanama\",\"https:\\\/\\\/youtube.com\\\/MetroRealtyPanama\",\"https:\\\/\\\/linkedin.com\\\/in\\\/MetroRealtyPanama\"],\"address\":{\"@id\":\"https:\\\/\\\/metrorealtypanama.com\\\/fr\\\/#postaladdress\",\"@type\":\"PostalAddress\",\"streetAddress\":\"Street Mall, 3rd floor, Office 308,\",\"addressLocality\":\"Panama City\",\"addressRegion\":\"Panama\"}},{\"@type\":\"WebPage\",\"@id\":\"https:\\\/\\\/metrorealtypanama.com\\\/fr\\\/services\\\/#webpage\",\"url\":\"https:\\\/\\\/metrorealtypanama.com\\\/fr\\\/services\\\/\",\"name\":\"Nos services | Metro Realty Panama\",\"description\":\"Chez Metro Realty, nous cherchons \\u00e0 offrir \\u00e0 nos clients un syst\\u00e8me int\\u00e9gral de services, o\\u00f9 gr\\u00e2ce \\u00e0 notre \\u00e9quipe, vous pouvez obtenir une satisfaction compl\\u00e8te, en offrant parmi nos services, des conseils en placement immobilier, nous travaillons dur pour trouver la propri\\u00e9t\\u00e9 que vous d\\u00e9sirez, les comptes bancaires ensemble avec notre \\u00e9quipe d'avocats, pourra\",\"inLanguage\":\"fr-FR\",\"isPartOf\":{\"@id\":\"https:\\\/\\\/metrorealtypanama.com\\\/fr\\\/#website\"},\"breadcrumb\":{\"@id\":\"https:\\\/\\\/metrorealtypanama.com\\\/fr\\\/services\\\/#breadcrumblist\"},\"image\":{\"@type\":\"ImageObject\",\"url\":\"https:\\\/\\\/metrorealtypanama.com\\\/wp-content\\\/uploads\\\/2016\\\/07\\\/metrorealtypanama-foto-portada1-web.jpg\",\"@id\":\"https:\\\/\\\/metrorealtypanama.com\\\/fr\\\/services\\\/#mainImage\",\"width\":1440,\"height\":960,\"caption\":\"Compra, Venta y Alquiler de Propiedades en Panam\\u00e1.\"},\"primaryImageOfPage\":{\"@id\":\"https:\\\/\\\/metrorealtypanama.com\\\/fr\\\/services\\\/#mainImage\"},\"datePublished\":\"2017-06-21T11:45:28-05:00\",\"dateModified\":\"2022-03-20T19:43:47-05:00\"},{\"@type\":\"WebSite\",\"@id\":\"https:\\\/\\\/metrorealtypanama.com\\\/fr\\\/#website\",\"url\":\"https:\\\/\\\/metrorealtypanama.com\\\/fr\\\/\",\"name\":\"Metro Realty Panama\",\"description\":\"Find & Sell Your Panama Real Estate Properties with Metro Realty\",\"inLanguage\":\"fr-FR\",\"publisher\":{\"@id\":\"https:\\\/\\\/metrorealtypanama.com\\\/fr\\\/#organization\"}}]}\n\t\t<\/script>\n\t\t<script type=\"text\/javascript\">\n\t\t\t(function(c,l,a,r,i,t,y){\n\t\t\tc[a]=c[a]||function(){(c[a].q=c[a].q||[]).push(arguments)};t=l.createElement(r);t.async=1;\n\t\t\tt.src=\"https:\/\/www.clarity.ms\/tag\/\"+i+\"?ref=aioseo\";y=l.getElementsByTagName(r)[0];y.parentNode.insertBefore(t,y);\n\t\t})(window, document, \"clarity\", \"script\", \"Metro Realty\");\n\t\t<\/script>\n\t\t<!-- All in One SEO Pro -->\r\n\t\t<title>Nos services | Metro Realty Panama<\/title>\n\n","aioseo_head_json":{"title":"Nos services | Metro Realty Panama","description":"Chez Metro Realty, nous cherchons \u00e0 offrir \u00e0 nos clients un syst\u00e8me int\u00e9gral de services, o\u00f9 gr\u00e2ce \u00e0 notre \u00e9quipe, vous pouvez obtenir une satisfaction compl\u00e8te, en offrant parmi nos services, des conseils en placement immobilier, nous travaillons dur pour trouver la propri\u00e9t\u00e9 que vous d\u00e9sirez, les comptes bancaires ensemble avec notre \u00e9quipe d'avocats, pourra","canonical_url":"https:\/\/metrorealtypanama.com\/fr\/services\/","robots":"max-image-preview:large","keywords":"","webmasterTools":{"msvalidate.01":"018CAF02C813ED25E2A2E75353082B4B","miscellaneous":""},"schema":{"@context":"https:\/\/schema.org","@graph":[{"@type":"BreadcrumbList","@id":"https:\/\/metrorealtypanama.com\/fr\/services\/#breadcrumblist","itemListElement":[{"@type":"ListItem","@id":"https:\/\/metrorealtypanama.com\/fr\/#listItem","position":1,"name":"Home","item":"https:\/\/metrorealtypanama.com\/fr\/","nextItem":{"@type":"ListItem","@id":"https:\/\/metrorealtypanama.com\/fr\/services\/#listItem","name":"Nos services"}},{"@type":"ListItem","@id":"https:\/\/metrorealtypanama.com\/fr\/services\/#listItem","position":2,"name":"Nos services","previousItem":{"@type":"ListItem","@id":"https:\/\/metrorealtypanama.com\/fr\/#listItem","name":"Home"}}]},{"@type":"Organization","@id":"https:\/\/metrorealtypanama.com\/fr\/#organization","name":"Metro Realty Panama","description":"Find & Sell Your Panama Real Estate Properties with Metro Realty","url":"https:\/\/metrorealtypanama.com\/fr\/","email":"info@metrorealtypanama.com","telephone":"+17273642591","logo":{"@type":"ImageObject","url":"https:\/\/metrorealtypanama.com\/wp-content\/uploads\/2023\/03\/metro-realty-panama.webp","@id":"https:\/\/metrorealtypanama.com\/fr\/services\/#organizationLogo","width":463,"height":455,"caption":"metro realty panama"},"image":{"@id":"https:\/\/metrorealtypanama.com\/fr\/services\/#organizationLogo"},"sameAs":["https:\/\/facebook.com\/MetroRealtyPanama","https:\/\/x.com\/MetroRealtyPanama","https:\/\/instagram.com\/MetroRealtyPanama","https:\/\/pinterest.com\/MetroRealtyPanama","https:\/\/youtube.com\/MetroRealtyPanama","https:\/\/linkedin.com\/in\/MetroRealtyPanama"],"address":{"@id":"https:\/\/metrorealtypanama.com\/fr\/#postaladdress","@type":"PostalAddress","streetAddress":"Street Mall, 3rd floor, Office 308,","addressLocality":"Panama City","addressRegion":"Panama"}},{"@type":"WebPage","@id":"https:\/\/metrorealtypanama.com\/fr\/services\/#webpage","url":"https:\/\/metrorealtypanama.com\/fr\/services\/","name":"Nos services | Metro Realty Panama","description":"Chez Metro Realty, nous cherchons \u00e0 offrir \u00e0 nos clients un syst\u00e8me int\u00e9gral de services, o\u00f9 gr\u00e2ce \u00e0 notre \u00e9quipe, vous pouvez obtenir une satisfaction compl\u00e8te, en offrant parmi nos services, des conseils en placement immobilier, nous travaillons dur pour trouver la propri\u00e9t\u00e9 que vous d\u00e9sirez, les comptes bancaires ensemble avec notre \u00e9quipe d'avocats, pourra","inLanguage":"fr-FR","isPartOf":{"@id":"https:\/\/metrorealtypanama.com\/fr\/#website"},"breadcrumb":{"@id":"https:\/\/metrorealtypanama.com\/fr\/services\/#breadcrumblist"},"image":{"@type":"ImageObject","url":"https:\/\/metrorealtypanama.com\/wp-content\/uploads\/2016\/07\/metrorealtypanama-foto-portada1-web.jpg","@id":"https:\/\/metrorealtypanama.com\/fr\/services\/#mainImage","width":1440,"height":960,"caption":"Compra, Venta y Alquiler de Propiedades en Panam\u00e1."},"primaryImageOfPage":{"@id":"https:\/\/metrorealtypanama.com\/fr\/services\/#mainImage"},"datePublished":"2017-06-21T11:45:28-05:00","dateModified":"2022-03-20T19:43:47-05:00"},{"@type":"WebSite","@id":"https:\/\/metrorealtypanama.com\/fr\/#website","url":"https:\/\/metrorealtypanama.com\/fr\/","name":"Metro Realty Panama","description":"Find & Sell Your Panama Real Estate Properties with Metro Realty","inLanguage":"fr-FR","publisher":{"@id":"https:\/\/metrorealtypanama.com\/fr\/#organization"}}]},"og:locale":"fr_FR","og:site_name":"Metro Realty Panama | Find &amp; Sell Your Panama Real Estate Properties with Metro Realty","og:type":"article","og:title":"Nos services | Metro Realty Panama","og:description":"Chez Metro Realty, nous cherchons \u00e0 offrir \u00e0 nos clients un syst\u00e8me int\u00e9gral de services, o\u00f9 gr\u00e2ce \u00e0 notre \u00e9quipe, vous pouvez obtenir une satisfaction compl\u00e8te, en offrant parmi nos services, des conseils en placement immobilier, nous travaillons dur pour trouver la propri\u00e9t\u00e9 que vous d\u00e9sirez, les comptes bancaires ensemble avec notre \u00e9quipe d'avocats, pourra","og:url":"https:\/\/metrorealtypanama.com\/fr\/services\/","og:image":"https:\/\/metrorealtypanama.com\/wp-content\/uploads\/2023\/03\/facebook-metro-realty-panama.webp","og:image:secure_url":"https:\/\/metrorealtypanama.com\/wp-content\/uploads\/2023\/03\/facebook-metro-realty-panama.webp","og:image:width":1246,"og:image:height":1251,"article:published_time":"2017-06-21T16:45:28+00:00","article:modified_time":"2022-03-21T00:43:47+00:00","article:publisher":"https:\/\/facebook.com\/MetroRealtyPanama","twitter:card":"summary","twitter:site":"@MetroRealtyPanama","twitter:title":"Nos services | Metro Realty Panama","twitter:description":"Chez Metro Realty, nous cherchons \u00e0 offrir \u00e0 nos clients un syst\u00e8me int\u00e9gral de services, o\u00f9 gr\u00e2ce \u00e0 notre \u00e9quipe, vous pouvez obtenir une satisfaction compl\u00e8te, en offrant parmi nos services, des conseils en placement immobilier, nous travaillons dur pour trouver la propri\u00e9t\u00e9 que vous d\u00e9sirez, les comptes bancaires ensemble avec notre \u00e9quipe d'avocats, pourra","twitter:creator":"@MetroRealtyPanama","twitter:image":"https:\/\/www.metrorealtypanama.com\/wp-content\/uploads\/2022\/09\/logo-1x1-actualizado-fondo-copy.jpg"},"aioseo_meta_data":{"post_id":"3920","title":null,"description":null,"keywords":[],"keyphrases":{"focus":{"keyphrase":"","score":0,"analysis":{"keyphraseInTitle":{"score":0,"maxScore":9,"error":1}}},"additional":[]},"primary_term":null,"canonical_url":null,"og_title":null,"og_description":null,"og_object_type":"default","og_image_type":"default","og_image_url":null,"og_image_width":null,"og_image_height":null,"og_image_custom_url":null,"og_image_custom_fields":null,"og_video":"","og_custom_url":null,"og_article_section":null,"og_article_tags":[],"twitter_use_og":false,"twitter_card":"default","twitter_image_type":"default","twitter_image_url":null,"twitter_image_custom_url":null,"twitter_image_custom_fields":null,"twitter_title":null,"twitter_description":null,"schema":{"blockGraphs":[],"customGraphs":[],"default":{"data":{"Article":[],"Course":[],"Dataset":[],"FAQPage":[],"Movie":[],"Person":[],"Product":[],"ProductReview":[],"Car":[],"Recipe":[],"Service":[],"SoftwareApplication":[],"WebPage":[]},"graphName":"","isEnabled":true},"graphs":[],"defaultGraph":"WebPage","defaultPostTypeGraph":""},"schema_type":"default","schema_type_options":"{\"article\":{\"articleType\":\"BlogPosting\"},\"course\":{\"name\":\"\",\"description\":\"\",\"provider\":\"\"},\"faq\":{\"pages\":[]},\"product\":{\"reviews\":[]},\"recipe\":{\"ingredients\":[],\"instructions\":[],\"keywords\":[]},\"software\":{\"reviews\":[],\"operatingSystems\":[]},\"webPage\":{\"webPageType\":\"WebPage\"}}","pillar_content":false,"robots_default":true,"robots_noindex":false,"robots_noarchive":false,"robots_nosnippet":false,"robots_nofollow":false,"robots_noimageindex":false,"robots_noodp":false,"robots_notranslate":false,"robots_max_snippet":"-1","robots_max_videopreview":"-1","robots_max_imagepreview":"large","priority":null,"frequency":"default","local_seo":null,"seo_analyzer_scan_date":"2025-10-16 20:55:42","breadcrumb_settings":null,"limit_modified_date":false,"reviewed_by":null,"open_ai":null,"ai":null,"created":"2021-09-21 05:06:46","updated":"2025-10-20 17:19:12"},"aioseo_breadcrumb":"<div class=\"aioseo-breadcrumbs\"><span class=\"aioseo-breadcrumb\">\n\t<a href=\"https:\/\/metrorealtypanama.com\/fr\/\" title=\"Home\">Home<\/a>\n<\/span><span class=\"aioseo-breadcrumb-separator\">&raquo;<\/span><span class=\"aioseo-breadcrumb\">\n\tNos services\n<\/span><\/div>","aioseo_breadcrumb_json":[{"label":"Home","link":"https:\/\/metrorealtypanama.com\/fr\/"},{"label":"Nos services","link":"https:\/\/metrorealtypanama.com\/fr\/services\/"}],"_links":{"self":[{"href":"https:\/\/metrorealtypanama.com\/fr\/wp-json\/wp\/v2\/pages\/3920","targetHints":{"allow":["GET"]}}],"collection":[{"href":"https:\/\/metrorealtypanama.com\/fr\/wp-json\/wp\/v2\/pages"}],"about":[{"href":"https:\/\/metrorealtypanama.com\/fr\/wp-json\/wp\/v2\/types\/page"}],"author":[{"embeddable":true,"href":"https:\/\/metrorealtypanama.com\/fr\/wp-json\/wp\/v2\/users\/31"}],"replies":[{"embeddable":true,"href":"https:\/\/metrorealtypanama.com\/fr\/wp-json\/wp\/v2\/comments?post=3920"}],"version-history":[{"count":1,"href":"https:\/\/metrorealtypanama.com\/fr\/wp-json\/wp\/v2\/pages\/3920\/revisions"}],"predecessor-version":[{"id":40579,"href":"https:\/\/metrorealtypanama.com\/fr\/wp-json\/wp\/v2\/pages\/3920\/revisions\/40579"}],"wp:featuredmedia":[{"embeddable":true,"href":"https:\/\/metrorealtypanama.com\/fr\/wp-json\/wp\/v2\/media\/980"}],"wp:attachment":[{"href":"https:\/\/metrorealtypanama.com\/fr\/wp-json\/wp\/v2\/media?parent=3920"}],"curies":[{"name":"wp","href":"https:\/\/api.w.org\/{rel}","templated":true}]}}