
{"id":3916,"date":"2016-03-09T00:59:18","date_gmt":"2016-03-09T00:59:18","guid":{"rendered":"http:\/\/metrorealtypanama.com\/agents\/"},"modified":"2017-06-23T11:46:37","modified_gmt":"2017-06-23T16:46:37","slug":"agents","status":"publish","type":"page","link":"https:\/\/metrorealtypanama.com\/fr\/about-us\/agents\/","title":{"rendered":"Agents"},"content":{"rendered":"<p>[vc_row][vc_column][\/vc_column][\/vc_row][vc_row][vc_column]\t\t<div\r\n\t\t\tclass=\"houzez-module module-title section-title-module text-center \">\r\n\t\t\t<h2>Leaders in Real Estate<\/h2>\r\n\r\n\t\t\t<p class=\"sub-heading\">Team Metro Realty Panama<\/p>\r\n\t\t<\/div>\r\n\t\t\n        <!--start agents module-->\n        \n            \n            <script type=\"text\/javascript\">\n                jQuery(document).ready(function($){\n                    if($(\"#agents-carousel-d3pem\").length > 0){\n                        var owlAgents = $('#agents-carousel-d3pem');\n                        \n                        owlAgents.slick({\n                            rtl: false,\n                            lazyLoad: 'ondemand',\n                            infinite: true,\n                            speed: 300,\n                            slidesToShow: 3,\n                            arrows: true,\n                            adaptiveHeight: true,\n                            dots: false,\n                            appendArrows: '.agents-module-slider',\n                            prevArrow: $('.agents-prev-js'),\n                            nextArrow: $('.agents-next-js'),\n                            responsive: [{\n                                    breakpoint: 992,\n                                    settings: {\n                                        slidesToShow: 2,\n                                        slidesToScroll: 2\n                                    }\n                                },\n                                {\n                                    breakpoint: 769,\n                                    settings: {\n                                        slidesToShow: 1,\n                                        slidesToScroll: 1\n                                    }\n                                }\n                            ]\n                        });\n\n                    }\n                });\n            <\/script>\n\n            <div class=\"agents-module agents-module-slider\">\n                <div class=\"property-carousel-buttons-wrap\">\n                    <button type=\"button\" class=\"agents-prev-js slick-prev btn-primary-outlined\">Prev<\/button>\n                    <button type=\"button\" class=\"agents-next-js slick-next btn-primary-outlined\">Prochain<\/button>\n                <\/div><!-- property-carousel-buttons-wrap -->\n            \n                <div id=\"agents-carousel-d3pem\" class=\"agents-slider-wrap houzez-all-slider-wrap\">\n                    <div class=\"agent-grid-wrap agent-item d-flex flex-column align-items-center text-center\">\n\t<div class=\"agent-grid-image-wrap mb-3\">\n\t\t<a class=\"agent-grid-image d-block\" href=\"https:\/\/metrorealtypanama.com\/fr\/blog\/agent\/alexander-barrelier-agent-immobilier\/\">\n\t\t\t<img decoding=\"async\" width=\"150\" height=\"100\" src=\"https:\/\/metrorealtypanama.com\/wp-content\/uploads\/2017\/06\/Alexander-Barrelier.jpg\" class=\"img-fluid rounded-circle wp-post-image\" alt=\"Alexander Barrelier\" srcset=\"https:\/\/metrorealtypanama.com\/wp-content\/uploads\/2017\/06\/Alexander-Barrelier.jpg 1440w, https:\/\/metrorealtypanama.com\/wp-content\/uploads\/2017\/06\/Alexander-Barrelier-1170x785.jpg 1170w\" sizes=\"(max-width: 150px) 100vw, 150px\" \/>\t\t\t\n\t\t<\/a>\n\t<\/div>\n\n\t<div class=\"agent-info\">\n\t\t<div class=\"agent-name\">\n\t\t\t<a href=\"https:\/\/metrorealtypanama.com\/fr\/blog\/agent\/alexander-barrelier-agent-immobilier\/\" class=\"text-decoration-none\">Alexander Barrelier<\/a>\n\t\t<\/div>\n\n\t\t<div class=\"agent-company\">\n\t\t\t                Fondateur et directeur                                , Metro Realty, Corp.                            \t\t<\/div>\n\t<\/div>\n\t<div class=\"agent-body py-3\">\n\t\t<p>Alexander Barrelier Agent Immobillier Avec ses dix ans d&#8217;exp\u00e9rience sur le march\u00e9 de l&#8217;immobilier panam\u00e9en,...<\/p>\n\t<\/div>\n\t<div class=\"agent-link\">\n\t\t<a href=\"https:\/\/metrorealtypanama.com\/fr\/blog\/agent\/alexander-barrelier-agent-immobilier\/\">Voir le profil<\/a>\n\t<\/div>\n<\/div><div class=\"agent-grid-wrap agent-item d-flex flex-column align-items-center text-center\">\n\t<div class=\"agent-grid-image-wrap mb-3\">\n\t\t<a class=\"agent-grid-image d-block\" href=\"https:\/\/metrorealtypanama.com\/fr\/blog\/agent\/elena-mastropasqua\/\">\n\t\t\t<img decoding=\"async\" width=\"150\" height=\"150\" src=\"https:\/\/metrorealtypanama.com\/wp-content\/uploads\/2017\/09\/WhatsApp-Image-2017-11-03-at-3.08.44-AM-150x150.jpeg\" class=\"img-fluid rounded-circle wp-post-image\" alt=\"\" srcset=\"https:\/\/metrorealtypanama.com\/wp-content\/uploads\/2017\/09\/WhatsApp-Image-2017-11-03-at-3.08.44-AM-150x150.jpeg 150w, https:\/\/metrorealtypanama.com\/wp-content\/uploads\/2017\/09\/WhatsApp-Image-2017-11-03-at-3.08.44-AM-350x350.jpeg 350w\" sizes=\"(max-width: 150px) 100vw, 150px\" \/>\t\t\t\n\t\t<\/a>\n\t<\/div>\n\n\t<div class=\"agent-info\">\n\t\t<div class=\"agent-name\">\n\t\t\t<a href=\"https:\/\/metrorealtypanama.com\/fr\/blog\/agent\/elena-mastropasqua\/\" class=\"text-decoration-none\">Elena Mastropasqua<\/a>\n\t\t<\/div>\n\n\t\t<div class=\"agent-company\">\n\t\t\t                Immobillier agent                                , Metro Realty, Corp.                            \t\t<\/div>\n\t<\/div>\n\t<div class=\"agent-body py-3\">\n\t\t\t<\/div>\n\t<div class=\"agent-link\">\n\t\t<a href=\"https:\/\/metrorealtypanama.com\/fr\/blog\/agent\/elena-mastropasqua\/\">Voir le profil<\/a>\n\t<\/div>\n<\/div>                <\/div>\n            <\/div>\n\n                <!--end post agents module-->\n\n\n        [\/vc_column][\/vc_row][vc_row][vc_column]<p class=\"wpcf7-contact-form-not-found\"><strong>Erreur\u00a0:<\/strong> Formulaire de contact non trouv\u00e9\u00a0!<\/p>[\/vc_column][\/vc_row]<\/p>\n","protected":false},"excerpt":{"rendered":"<p>[vc_row][vc_column][\/vc_column][\/vc_row][vc_row][vc_column][\/vc_column][\/vc_row][vc_row][vc_column][\/vc_column][\/vc_row]<\/p>\n","protected":false},"author":31,"featured_media":0,"parent":3896,"menu_order":0,"comment_status":"closed","ping_status":"closed","template":"template\/template-homepage.php","meta":{"_acf_changed":false,"footnotes":""},"class_list":["post-3916","page","type-page","status-publish","hentry"],"acf":[],"aioseo_notices":[],"aioseo_head":"\n\t\t<!-- All in One SEO Pro 4.9.5.2 - aioseo.com -->\n\t<meta name=\"description\" content=\"Elena Mastropasqua - Asesora italiana y rusa en Metro Realty, Corp. Consultor\u00eda inmobiliaria para la compra o venta de propiedades residenciales y comerciales.\" \/>\n\t<meta name=\"robots\" content=\"max-image-preview:large\" \/>\n\t<meta name=\"msvalidate.01\" content=\"018CAF02C813ED25E2A2E75353082B4B\" \/>\n\t<link rel=\"canonical\" href=\"https:\/\/metrorealtypanama.com\/fr\/blog\/agent\/elena-mastropasqua\/\" \/>\n\t<meta name=\"generator\" content=\"All in One SEO Pro (AIOSEO) 4.9.5.2\" \/>\n\t\t<meta property=\"og:locale\" content=\"fr_FR\" \/>\n\t\t<meta property=\"og:site_name\" content=\"Metro Realty Panama | Find &amp; Sell Your Panama Real Estate Properties with Metro Realty\" \/>\n\t\t<meta property=\"og:type\" content=\"article\" \/>\n\t\t<meta property=\"og:title\" content=\"Elena Mastropasqua | Metro Realty Panama\" \/>\n\t\t<meta property=\"og:description\" content=\"Elena Mastropasqua - Asesora italiana y rusa en Metro Realty, Corp. Consultor\u00eda inmobiliaria para la compra o venta de propiedades residenciales y comerciales.\" \/>\n\t\t<meta property=\"og:url\" content=\"https:\/\/metrorealtypanama.com\/fr\/blog\/agent\/elena-mastropasqua\/\" \/>\n\t\t<meta property=\"og:image\" content=\"https:\/\/metrorealtypanama.com\/wp-content\/uploads\/2023\/03\/facebook-metro-realty-panama.webp\" \/>\n\t\t<meta property=\"og:image:secure_url\" content=\"https:\/\/metrorealtypanama.com\/wp-content\/uploads\/2023\/03\/facebook-metro-realty-panama.webp\" \/>\n\t\t<meta property=\"og:image:width\" content=\"1246\" \/>\n\t\t<meta property=\"og:image:height\" content=\"1251\" \/>\n\t\t<meta property=\"article:published_time\" content=\"2017-09-28T02:32:16+00:00\" \/>\n\t\t<meta property=\"article:modified_time\" content=\"2024-08-01T14:31:08+00:00\" \/>\n\t\t<meta property=\"article:publisher\" content=\"https:\/\/facebook.com\/MetroRealtyPanama\" \/>\n\t\t<meta name=\"twitter:card\" content=\"summary\" \/>\n\t\t<meta name=\"twitter:site\" content=\"@MetroRealtyPanama\" \/>\n\t\t<meta name=\"twitter:title\" content=\"Elena Mastropasqua | Metro Realty Panama\" \/>\n\t\t<meta name=\"twitter:description\" content=\"Elena Mastropasqua - Asesora italiana y rusa en Metro Realty, Corp. Consultor\u00eda inmobiliaria para la compra o venta de propiedades residenciales y comerciales.\" \/>\n\t\t<meta name=\"twitter:image\" content=\"https:\/\/www.metrorealtypanama.com\/wp-content\/uploads\/2022\/09\/logo-1x1-actualizado-fondo-copy.jpg\" \/>\n\t\t<script type=\"application\/ld+json\" class=\"aioseo-schema\">\n\t\t\t{\"@context\":\"https:\\\/\\\/schema.org\",\"@graph\":[{\"@type\":\"BreadcrumbList\",\"@id\":\"https:\\\/\\\/metrorealtypanama.com\\\/fr\\\/blog\\\/agent\\\/elena-mastropasqua\\\/#breadcrumblist\",\"itemListElement\":[{\"@type\":\"ListItem\",\"@id\":\"https:\\\/\\\/metrorealtypanama.com\\\/fr\\\/#listItem\",\"position\":1,\"name\":\"Home\",\"item\":\"https:\\\/\\\/metrorealtypanama.com\\\/fr\\\/\",\"nextItem\":{\"@type\":\"ListItem\",\"@id\":\"https:\\\/\\\/metrorealtypanama.com\\\/fr\\\/about-us\\\/#listItem\",\"name\":\"About Us\"}},{\"@type\":\"ListItem\",\"@id\":\"https:\\\/\\\/metrorealtypanama.com\\\/fr\\\/about-us\\\/#listItem\",\"position\":2,\"name\":\"About Us\",\"item\":\"https:\\\/\\\/metrorealtypanama.com\\\/fr\\\/about-us\\\/\",\"nextItem\":{\"@type\":\"ListItem\",\"@id\":\"https:\\\/\\\/metrorealtypanama.com\\\/fr\\\/about-us\\\/agents\\\/#listItem\",\"name\":\"Agents\"},\"previousItem\":{\"@type\":\"ListItem\",\"@id\":\"https:\\\/\\\/metrorealtypanama.com\\\/fr\\\/#listItem\",\"name\":\"Home\"}},{\"@type\":\"ListItem\",\"@id\":\"https:\\\/\\\/metrorealtypanama.com\\\/fr\\\/about-us\\\/agents\\\/#listItem\",\"position\":3,\"name\":\"Agents\",\"previousItem\":{\"@type\":\"ListItem\",\"@id\":\"https:\\\/\\\/metrorealtypanama.com\\\/fr\\\/about-us\\\/#listItem\",\"name\":\"About Us\"}}]},{\"@type\":\"Organization\",\"@id\":\"https:\\\/\\\/metrorealtypanama.com\\\/fr\\\/#organization\",\"name\":\"Metro Realty Panama\",\"description\":\"Find & Sell Your Panama Real Estate Properties with Metro Realty\",\"url\":\"https:\\\/\\\/metrorealtypanama.com\\\/fr\\\/\",\"email\":\"info@metrorealtypanama.com\",\"telephone\":\"+17273642591\",\"logo\":{\"@type\":\"ImageObject\",\"url\":\"https:\\\/\\\/metrorealtypanama.com\\\/wp-content\\\/uploads\\\/2023\\\/03\\\/metro-realty-panama.webp\",\"@id\":\"https:\\\/\\\/metrorealtypanama.com\\\/fr\\\/blog\\\/agent\\\/elena-mastropasqua\\\/#organizationLogo\",\"width\":463,\"height\":455,\"caption\":\"metro realty panama\"},\"image\":{\"@id\":\"https:\\\/\\\/metrorealtypanama.com\\\/fr\\\/blog\\\/agent\\\/elena-mastropasqua\\\/#organizationLogo\"},\"sameAs\":[\"https:\\\/\\\/facebook.com\\\/MetroRealtyPanama\",\"https:\\\/\\\/x.com\\\/MetroRealtyPanama\",\"https:\\\/\\\/instagram.com\\\/MetroRealtyPanama\",\"https:\\\/\\\/pinterest.com\\\/MetroRealtyPanama\",\"https:\\\/\\\/youtube.com\\\/MetroRealtyPanama\",\"https:\\\/\\\/linkedin.com\\\/in\\\/MetroRealtyPanama\"],\"address\":{\"@id\":\"https:\\\/\\\/metrorealtypanama.com\\\/fr\\\/#postaladdress\",\"@type\":\"PostalAddress\",\"streetAddress\":\"Street Mall, 3rd floor, Office 308,\",\"addressLocality\":\"Panama City\",\"addressRegion\":\"Panama\"}},{\"@type\":\"WebPage\",\"@id\":\"https:\\\/\\\/metrorealtypanama.com\\\/fr\\\/blog\\\/agent\\\/elena-mastropasqua\\\/#webpage\",\"url\":\"https:\\\/\\\/metrorealtypanama.com\\\/fr\\\/blog\\\/agent\\\/elena-mastropasqua\\\/\",\"name\":\"Elena Mastropasqua | Metro Realty Panama\",\"description\":\"Elena Mastropasqua - Asesora italiana y rusa en Metro Realty, Corp. Consultor\\u00eda inmobiliaria para la compra o venta de propiedades residenciales y comerciales.\",\"inLanguage\":\"fr-FR\",\"isPartOf\":{\"@id\":\"https:\\\/\\\/metrorealtypanama.com\\\/fr\\\/#website\"},\"breadcrumb\":{\"@id\":\"https:\\\/\\\/metrorealtypanama.com\\\/fr\\\/blog\\\/agent\\\/elena-mastropasqua\\\/#breadcrumblist\"},\"image\":{\"@type\":\"ImageObject\",\"url\":\"https:\\\/\\\/metrorealtypanama.com\\\/wp-content\\\/uploads\\\/2017\\\/09\\\/WhatsApp-Image-2017-11-03-at-3.08.44-AM.jpeg\",\"@id\":\"https:\\\/\\\/metrorealtypanama.com\\\/fr\\\/blog\\\/agent\\\/elena-mastropasqua\\\/#mainImage\",\"width\":966,\"height\":896},\"primaryImageOfPage\":{\"@id\":\"https:\\\/\\\/metrorealtypanama.com\\\/fr\\\/blog\\\/agent\\\/elena-mastropasqua\\\/#mainImage\"},\"datePublished\":\"2017-09-27T21:32:16-05:00\",\"dateModified\":\"2024-08-01T09:31:08-05:00\"},{\"@type\":\"WebSite\",\"@id\":\"https:\\\/\\\/metrorealtypanama.com\\\/fr\\\/#website\",\"url\":\"https:\\\/\\\/metrorealtypanama.com\\\/fr\\\/\",\"name\":\"Metro Realty Panama\",\"description\":\"Find & Sell Your Panama Real Estate Properties with Metro Realty\",\"inLanguage\":\"fr-FR\",\"publisher\":{\"@id\":\"https:\\\/\\\/metrorealtypanama.com\\\/fr\\\/#organization\"}}]}\n\t\t<\/script>\n\t\t<script type=\"text\/javascript\">\n\t\t\t(function(c,l,a,r,i,t,y){\n\t\t\tc[a]=c[a]||function(){(c[a].q=c[a].q||[]).push(arguments)};t=l.createElement(r);t.async=1;\n\t\t\tt.src=\"https:\/\/www.clarity.ms\/tag\/\"+i+\"?ref=aioseo\";y=l.getElementsByTagName(r)[0];y.parentNode.insertBefore(t,y);\n\t\t})(window, document, \"clarity\", \"script\", \"Metro Realty\");\n\t\t<\/script>\n\t\t<!-- All in One SEO Pro -->\r\n\t\t<title>Elena Mastropasqua | Metro Realty Panama<\/title>\n\n","aioseo_head_json":{"title":"Elena Mastropasqua | Metro Realty Panama","description":"Elena Mastropasqua - Asesora italiana y rusa en Metro Realty, Corp. Consultor\u00eda inmobiliaria para la compra o venta de propiedades residenciales y comerciales.","canonical_url":"https:\/\/metrorealtypanama.com\/fr\/blog\/agent\/elena-mastropasqua\/","robots":"max-image-preview:large","keywords":"","webmasterTools":{"msvalidate.01":"018CAF02C813ED25E2A2E75353082B4B","miscellaneous":""},"schema":{"@context":"https:\/\/schema.org","@graph":[{"@type":"BreadcrumbList","@id":"https:\/\/metrorealtypanama.com\/fr\/blog\/agent\/elena-mastropasqua\/#breadcrumblist","itemListElement":[{"@type":"ListItem","@id":"https:\/\/metrorealtypanama.com\/fr\/#listItem","position":1,"name":"Home","item":"https:\/\/metrorealtypanama.com\/fr\/","nextItem":{"@type":"ListItem","@id":"https:\/\/metrorealtypanama.com\/fr\/about-us\/#listItem","name":"About Us"}},{"@type":"ListItem","@id":"https:\/\/metrorealtypanama.com\/fr\/about-us\/#listItem","position":2,"name":"About Us","item":"https:\/\/metrorealtypanama.com\/fr\/about-us\/","nextItem":{"@type":"ListItem","@id":"https:\/\/metrorealtypanama.com\/fr\/about-us\/agents\/#listItem","name":"Agents"},"previousItem":{"@type":"ListItem","@id":"https:\/\/metrorealtypanama.com\/fr\/#listItem","name":"Home"}},{"@type":"ListItem","@id":"https:\/\/metrorealtypanama.com\/fr\/about-us\/agents\/#listItem","position":3,"name":"Agents","previousItem":{"@type":"ListItem","@id":"https:\/\/metrorealtypanama.com\/fr\/about-us\/#listItem","name":"About Us"}}]},{"@type":"Organization","@id":"https:\/\/metrorealtypanama.com\/fr\/#organization","name":"Metro Realty Panama","description":"Find & Sell Your Panama Real Estate Properties with Metro Realty","url":"https:\/\/metrorealtypanama.com\/fr\/","email":"info@metrorealtypanama.com","telephone":"+17273642591","logo":{"@type":"ImageObject","url":"https:\/\/metrorealtypanama.com\/wp-content\/uploads\/2023\/03\/metro-realty-panama.webp","@id":"https:\/\/metrorealtypanama.com\/fr\/blog\/agent\/elena-mastropasqua\/#organizationLogo","width":463,"height":455,"caption":"metro realty panama"},"image":{"@id":"https:\/\/metrorealtypanama.com\/fr\/blog\/agent\/elena-mastropasqua\/#organizationLogo"},"sameAs":["https:\/\/facebook.com\/MetroRealtyPanama","https:\/\/x.com\/MetroRealtyPanama","https:\/\/instagram.com\/MetroRealtyPanama","https:\/\/pinterest.com\/MetroRealtyPanama","https:\/\/youtube.com\/MetroRealtyPanama","https:\/\/linkedin.com\/in\/MetroRealtyPanama"],"address":{"@id":"https:\/\/metrorealtypanama.com\/fr\/#postaladdress","@type":"PostalAddress","streetAddress":"Street Mall, 3rd floor, Office 308,","addressLocality":"Panama City","addressRegion":"Panama"}},{"@type":"WebPage","@id":"https:\/\/metrorealtypanama.com\/fr\/blog\/agent\/elena-mastropasqua\/#webpage","url":"https:\/\/metrorealtypanama.com\/fr\/blog\/agent\/elena-mastropasqua\/","name":"Elena Mastropasqua | Metro Realty Panama","description":"Elena Mastropasqua - Asesora italiana y rusa en Metro Realty, Corp. Consultor\u00eda inmobiliaria para la compra o venta de propiedades residenciales y comerciales.","inLanguage":"fr-FR","isPartOf":{"@id":"https:\/\/metrorealtypanama.com\/fr\/#website"},"breadcrumb":{"@id":"https:\/\/metrorealtypanama.com\/fr\/blog\/agent\/elena-mastropasqua\/#breadcrumblist"},"image":{"@type":"ImageObject","url":"https:\/\/metrorealtypanama.com\/wp-content\/uploads\/2017\/09\/WhatsApp-Image-2017-11-03-at-3.08.44-AM.jpeg","@id":"https:\/\/metrorealtypanama.com\/fr\/blog\/agent\/elena-mastropasqua\/#mainImage","width":966,"height":896},"primaryImageOfPage":{"@id":"https:\/\/metrorealtypanama.com\/fr\/blog\/agent\/elena-mastropasqua\/#mainImage"},"datePublished":"2017-09-27T21:32:16-05:00","dateModified":"2024-08-01T09:31:08-05:00"},{"@type":"WebSite","@id":"https:\/\/metrorealtypanama.com\/fr\/#website","url":"https:\/\/metrorealtypanama.com\/fr\/","name":"Metro Realty Panama","description":"Find & Sell Your Panama Real Estate Properties with Metro Realty","inLanguage":"fr-FR","publisher":{"@id":"https:\/\/metrorealtypanama.com\/fr\/#organization"}}]},"og:locale":"fr_FR","og:site_name":"Metro Realty Panama | Find &amp; Sell Your Panama Real Estate Properties with Metro Realty","og:type":"article","og:title":"Elena Mastropasqua | Metro Realty Panama","og:description":"Elena Mastropasqua - Asesora italiana y rusa en Metro Realty, Corp. Consultor\u00eda inmobiliaria para la compra o venta de propiedades residenciales y comerciales.","og:url":"https:\/\/metrorealtypanama.com\/fr\/blog\/agent\/elena-mastropasqua\/","og:image":"https:\/\/metrorealtypanama.com\/wp-content\/uploads\/2023\/03\/facebook-metro-realty-panama.webp","og:image:secure_url":"https:\/\/metrorealtypanama.com\/wp-content\/uploads\/2023\/03\/facebook-metro-realty-panama.webp","og:image:width":1246,"og:image:height":1251,"article:published_time":"2017-09-28T02:32:16+00:00","article:modified_time":"2024-08-01T14:31:08+00:00","article:publisher":"https:\/\/facebook.com\/MetroRealtyPanama","twitter:card":"summary","twitter:site":"@MetroRealtyPanama","twitter:title":"Elena Mastropasqua | Metro Realty Panama","twitter:description":"Elena Mastropasqua - Asesora italiana y rusa en Metro Realty, Corp. Consultor\u00eda inmobiliaria para la compra o venta de propiedades residenciales y comerciales.","twitter:image":"https:\/\/www.metrorealtypanama.com\/wp-content\/uploads\/2022\/09\/logo-1x1-actualizado-fondo-copy.jpg"},"aioseo_meta_data":{"post_id":"3916","title":null,"description":null,"keywords":null,"keyphrases":null,"primary_term":null,"canonical_url":null,"og_title":null,"og_description":null,"og_object_type":"default","og_image_type":"default","og_image_url":null,"og_image_width":null,"og_image_height":null,"og_image_custom_url":null,"og_image_custom_fields":null,"og_video":null,"og_custom_url":null,"og_article_section":null,"og_article_tags":null,"twitter_use_og":false,"twitter_card":"default","twitter_image_type":"default","twitter_image_url":null,"twitter_image_custom_url":null,"twitter_image_custom_fields":null,"twitter_title":null,"twitter_description":null,"schema":{"blockGraphs":[],"customGraphs":[],"default":{"data":{"Article":[],"Course":[],"Dataset":[],"FAQPage":[],"Movie":[],"Person":[],"Product":[],"ProductReview":[],"Car":[],"Recipe":[],"Service":[],"SoftwareApplication":[],"WebPage":[]},"graphName":"","isEnabled":true},"graphs":[],"defaultGraph":"","defaultPostTypeGraph":""},"schema_type":null,"schema_type_options":null,"pillar_content":false,"robots_default":true,"robots_noindex":false,"robots_noarchive":false,"robots_nosnippet":false,"robots_nofollow":false,"robots_noimageindex":false,"robots_noodp":false,"robots_notranslate":false,"robots_max_snippet":null,"robots_max_videopreview":null,"robots_max_imagepreview":"large","priority":null,"frequency":null,"local_seo":null,"seo_analyzer_scan_date":"2025-10-16 20:37:06","breadcrumb_settings":null,"limit_modified_date":false,"reviewed_by":null,"open_ai":null,"ai":null,"created":"2021-09-21 05:02:51","updated":"2025-10-20 17:15:37"},"aioseo_breadcrumb":"<div class=\"aioseo-breadcrumbs\"><span class=\"aioseo-breadcrumb\">\n\t<a href=\"https:\/\/metrorealtypanama.com\/fr\/\" title=\"Home\">Home<\/a>\n<\/span><span class=\"aioseo-breadcrumb-separator\">&raquo;<\/span><span class=\"aioseo-breadcrumb\">\n\t<a href=\"https:\/\/metrorealtypanama.com\/fr\/about-us\/\" title=\"About Us\">About Us<\/a>\n<\/span><span class=\"aioseo-breadcrumb-separator\">&raquo;<\/span><span class=\"aioseo-breadcrumb\">\n\tAgents\n<\/span><\/div>","aioseo_breadcrumb_json":[{"label":"Home","link":"https:\/\/metrorealtypanama.com\/fr\/"},{"label":"About Us","link":"https:\/\/metrorealtypanama.com\/fr\/about-us\/"},{"label":"Agents","link":"https:\/\/metrorealtypanama.com\/fr\/about-us\/agents\/"}],"_links":{"self":[{"href":"https:\/\/metrorealtypanama.com\/fr\/wp-json\/wp\/v2\/pages\/3916","targetHints":{"allow":["GET"]}}],"collection":[{"href":"https:\/\/metrorealtypanama.com\/fr\/wp-json\/wp\/v2\/pages"}],"about":[{"href":"https:\/\/metrorealtypanama.com\/fr\/wp-json\/wp\/v2\/types\/page"}],"author":[{"embeddable":true,"href":"https:\/\/metrorealtypanama.com\/fr\/wp-json\/wp\/v2\/users\/31"}],"replies":[{"embeddable":true,"href":"https:\/\/metrorealtypanama.com\/fr\/wp-json\/wp\/v2\/comments?post=3916"}],"version-history":[{"count":0,"href":"https:\/\/metrorealtypanama.com\/fr\/wp-json\/wp\/v2\/pages\/3916\/revisions"}],"up":[{"embeddable":true,"href":"https:\/\/metrorealtypanama.com\/fr\/wp-json\/wp\/v2\/pages\/3896"}],"wp:attachment":[{"href":"https:\/\/metrorealtypanama.com\/fr\/wp-json\/wp\/v2\/media?parent=3916"}],"curies":[{"name":"wp","href":"https:\/\/api.w.org\/{rel}","templated":true}]}}