
{"id":3908,"date":"2017-06-22T11:01:08","date_gmt":"2017-06-22T16:01:08","guid":{"rendered":"http:\/\/metrorealtypanama.com\/about-us\/metro-realty-panama\/"},"modified":"2022-01-07T09:51:26","modified_gmt":"2022-01-07T14:51:26","slug":"metro-realty-panama","status":"publish","type":"page","link":"https:\/\/metrorealtypanama.com\/fr\/metro-realty-panama\/","title":{"rendered":"Metro Realty Panama"},"content":{"rendered":"<p>Metro Realty Panama est n\u00e9 en 2007 lorsque son fondateur Alexander Barrelier voit sur le march\u00e9 la n\u00e9cessit\u00e9 de fournir des accessoires honn\u00eates, fiables et mis \u00e0 jour avec les normes de qualit\u00e9 les plus \u00e9lev\u00e9es dans les services offerts par l&#8217;entreprise.<\/p>\n<p>Depuis sa cr\u00e9ation, Metro Realty a collabor\u00e9 avec plusieurs soci\u00e9t\u00e9s immobili\u00e8res locales et internationales, des promoteurs, des clients et des investisseurs, pour satisfaire leurs besoins, en termes d&#8217;acquisition de propri\u00e9t\u00e9s urbaines pour l&#8217;investissement ainsi que pour les maisons familiales, propri\u00e9t\u00e9s d&#8217;investissement pour le d\u00e9veloppement de projets, acquisition de propri\u00e9t\u00e9s g\u00e9n\u00e9ratrices de revenus, acquisition d&#8217;entreprises en exploitation.<\/p>\n<p>Dans bon nombre de nos op\u00e9rations, nous sommes pass\u00e9s de la conceptualisation de l&#8217;id\u00e9e d&#8217;entreprise \u00e0 la recherche du terrain pour la d\u00e9velopper, en passant par des conseils sur le d\u00e9veloppement et la commercialisation des projets.<br \/>\nNous avons particip\u00e9 \u00e0 plus de cinq cents op\u00e9rations immobili\u00e8res, qu&#8217;il s&#8217;agisse de location, d&#8217;achat et de vente de propri\u00e9t\u00e9s commerciales et r\u00e9sidentielles.<\/p>\n<p>Nous avons une licence l\u00e9gale d\u00e9livr\u00e9e par le minist\u00e8re du Commerce et de l&#8217;Industrie du Panama, r\u00e9glement\u00e9e par le Conseil technique de l&#8217;immobilier, licence PJ0943.<\/p>\n<p>Notre \u00e9quipe compos\u00e9e de professionnels panam\u00e9ens et \u00e9trangers poss\u00e9dant de hautes connaissances en \u00e9conomie, finance, banque, droit et march\u00e9 immobilier, panam\u00e9en et international, nous positionne comme une entreprise leader dans le conseil en investissement immobilier au Panama.<\/p>\n<p>Le plus excitant pour nous est de rencontrer un client, de devenir son conseiller et de finir par se lier d&#8217;amiti\u00e9.<\/p>\n<p>Parlez \u00e0 nos experts avant de prendre une d\u00e9cision d&#8217;investissement.<\/p>\n<p>&nbsp;<\/p>\n<div class=\"dePhmb\">\n<div class=\"eyKpYb\" data-language=\"fr\" data-original-language=\"es\" data-result-index=\"0\">\n<h1 class=\"J0lOec\"><span class=\"VIiyi\" lang=\"fr\"><span class=\"JLqJ4b ChMk0b\" data-language-for-alternatives=\"fr\" data-language-to-translate-into=\"es\" data-phrase-index=\"0\" data-number-of-phrases=\"1\">Metro Realty Panama Professionnels de l&#8217;immobilier <\/span><\/span><\/h1>\n<\/div>\n<\/div>\n<p style=\"text-align: center;\">Laissez-nous vous conseiller pour l&#8217;achat de votre future propri\u00e9t\u00e9 au Panama<\/p>\n<p>&nbsp;<\/p>\n<h1 style=\"text-align: center;\">Our Values<\/h1>\n<h3 style=\"text-align: center;\">Honn\u00eatet\u00e9<\/h3>\n<p>Nous respectons les droits de nos coll\u00e8gues, concurrents, clients et nous sommes toujours transparents et \u00e9thiques.<\/p>\n<h3 style=\"text-align: center;\">Notre culture orient\u00e9e service<\/h3>\n<p>Toujours enthousiastes et diligents, nous travaillons dur pour aider nos clients \u00e0 atteindre leurs objectifs et \u00e0 \u00e9tablir des relations durables avec eux.<\/p>\n<h3 style=\"text-align: center;\">Int\u00e9grit\u00e9<\/h3>\n<p style=\"text-align: center;\">Notre plus grand engagement est la loyaut\u00e9 envers nos clients et des pratiques commerciales \u00e9thiques qui profitent \u00e0 toutes les parties concern\u00e9es.<\/p>\n<h3 style=\"text-align: center;\">Excellence<\/h3>\n<p style=\"text-align: center;\">Nous nous engageons \u00e0 faire en sorte que nos clients et coll\u00e8gues repartent satisfaits du r\u00e9sultat de notre collaboration.<\/p>\n","protected":false},"excerpt":{"rendered":"<p>Metro Realty Panama est n\u00e9 en 2007 lorsque son fondateur Alexander Barrelier voit sur le march\u00e9 la n\u00e9cessit\u00e9 de fournir des accessoires honn\u00eates, fiables et mis \u00e0 jour avec les normes de qualit\u00e9 les plus \u00e9lev\u00e9es dans les services offerts par l&#8217;entreprise. Depuis sa cr\u00e9ation, Metro Realty a collabor\u00e9 avec plusieurs soci\u00e9t\u00e9s immobili\u00e8res locales et [&hellip;]<\/p>\n","protected":false},"author":31,"featured_media":0,"parent":0,"menu_order":0,"comment_status":"closed","ping_status":"closed","template":"template\/template-homepage.php","meta":{"_acf_changed":false,"footnotes":""},"class_list":["post-3908","page","type-page","status-publish","hentry"],"acf":[],"aioseo_notices":[],"aioseo_head":"\n\t\t<!-- All in One SEO Pro 4.9.5.2 - aioseo.com -->\n\t<meta name=\"description\" content=\"Metro Realty Panama est n\u00e9 en 2007 lorsque son fondateur Alexander Barrelier voit sur le march\u00e9 la n\u00e9cessit\u00e9 de fournir des accessoires honn\u00eates, fiables et mis \u00e0 jour avec les normes de qualit\u00e9 les plus \u00e9lev\u00e9es dans les services offerts par l\u2019entreprise. Depuis sa cr\u00e9ation, Metro Realty a collabor\u00e9 avec plusieurs soci\u00e9t\u00e9s immobili\u00e8res locales et\" \/>\n\t<meta name=\"robots\" content=\"max-image-preview:large\" \/>\n\t<meta name=\"msvalidate.01\" content=\"018CAF02C813ED25E2A2E75353082B4B\" \/>\n\t<link rel=\"canonical\" href=\"https:\/\/metrorealtypanama.com\/fr\/metro-realty-panama\/\" \/>\n\t<meta name=\"generator\" content=\"All in One SEO Pro (AIOSEO) 4.9.5.2\" \/>\n\t\t<meta property=\"og:locale\" content=\"fr_FR\" \/>\n\t\t<meta property=\"og:site_name\" content=\"Metro Realty Panama | Find &amp; Sell Your Panama Real Estate Properties with Metro Realty\" \/>\n\t\t<meta property=\"og:type\" content=\"article\" \/>\n\t\t<meta property=\"og:title\" content=\"Metro Realty Panama | Metro Realty Panama\" \/>\n\t\t<meta property=\"og:description\" content=\"Metro Realty Panama est n\u00e9 en 2007 lorsque son fondateur Alexander Barrelier voit sur le march\u00e9 la n\u00e9cessit\u00e9 de fournir des accessoires honn\u00eates, fiables et mis \u00e0 jour avec les normes de qualit\u00e9 les plus \u00e9lev\u00e9es dans les services offerts par l\u2019entreprise. Depuis sa cr\u00e9ation, Metro Realty a collabor\u00e9 avec plusieurs soci\u00e9t\u00e9s immobili\u00e8res locales et\" \/>\n\t\t<meta property=\"og:url\" content=\"https:\/\/metrorealtypanama.com\/fr\/metro-realty-panama\/\" \/>\n\t\t<meta property=\"og:image\" content=\"https:\/\/metrorealtypanama.com\/wp-content\/uploads\/2023\/03\/facebook-metro-realty-panama.webp\" \/>\n\t\t<meta property=\"og:image:secure_url\" content=\"https:\/\/metrorealtypanama.com\/wp-content\/uploads\/2023\/03\/facebook-metro-realty-panama.webp\" \/>\n\t\t<meta property=\"og:image:width\" content=\"1246\" \/>\n\t\t<meta property=\"og:image:height\" content=\"1251\" \/>\n\t\t<meta property=\"article:published_time\" content=\"2017-06-22T16:01:08+00:00\" \/>\n\t\t<meta property=\"article:modified_time\" content=\"2022-01-07T14:51:26+00:00\" \/>\n\t\t<meta property=\"article:publisher\" content=\"https:\/\/facebook.com\/MetroRealtyPanama\" \/>\n\t\t<meta name=\"twitter:card\" content=\"summary\" \/>\n\t\t<meta name=\"twitter:site\" content=\"@MetroRealtyPanama\" \/>\n\t\t<meta name=\"twitter:title\" content=\"Metro Realty Panama | Metro Realty Panama\" \/>\n\t\t<meta name=\"twitter:description\" content=\"Metro Realty Panama est n\u00e9 en 2007 lorsque son fondateur Alexander Barrelier voit sur le march\u00e9 la n\u00e9cessit\u00e9 de fournir des accessoires honn\u00eates, fiables et mis \u00e0 jour avec les normes de qualit\u00e9 les plus \u00e9lev\u00e9es dans les services offerts par l\u2019entreprise. Depuis sa cr\u00e9ation, Metro Realty a collabor\u00e9 avec plusieurs soci\u00e9t\u00e9s immobili\u00e8res locales et\" \/>\n\t\t<meta name=\"twitter:creator\" content=\"@MetroRealtyPanama\" \/>\n\t\t<meta name=\"twitter:image\" content=\"https:\/\/www.metrorealtypanama.com\/wp-content\/uploads\/2022\/09\/logo-1x1-actualizado-fondo-copy.jpg\" \/>\n\t\t<script type=\"application\/ld+json\" class=\"aioseo-schema\">\n\t\t\t{\"@context\":\"https:\\\/\\\/schema.org\",\"@graph\":[{\"@type\":\"BreadcrumbList\",\"@id\":\"https:\\\/\\\/metrorealtypanama.com\\\/fr\\\/metro-realty-panama\\\/#breadcrumblist\",\"itemListElement\":[{\"@type\":\"ListItem\",\"@id\":\"https:\\\/\\\/metrorealtypanama.com\\\/fr\\\/#listItem\",\"position\":1,\"name\":\"Home\",\"item\":\"https:\\\/\\\/metrorealtypanama.com\\\/fr\\\/\",\"nextItem\":{\"@type\":\"ListItem\",\"@id\":\"https:\\\/\\\/metrorealtypanama.com\\\/fr\\\/metro-realty-panama\\\/#listItem\",\"name\":\"Metro Realty Panama\"}},{\"@type\":\"ListItem\",\"@id\":\"https:\\\/\\\/metrorealtypanama.com\\\/fr\\\/metro-realty-panama\\\/#listItem\",\"position\":2,\"name\":\"Metro Realty Panama\",\"previousItem\":{\"@type\":\"ListItem\",\"@id\":\"https:\\\/\\\/metrorealtypanama.com\\\/fr\\\/#listItem\",\"name\":\"Home\"}}]},{\"@type\":\"Organization\",\"@id\":\"https:\\\/\\\/metrorealtypanama.com\\\/fr\\\/#organization\",\"name\":\"Metro Realty Panama\",\"description\":\"Find & Sell Your Panama Real Estate Properties with Metro Realty\",\"url\":\"https:\\\/\\\/metrorealtypanama.com\\\/fr\\\/\",\"email\":\"info@metrorealtypanama.com\",\"telephone\":\"+17273642591\",\"logo\":{\"@type\":\"ImageObject\",\"url\":\"https:\\\/\\\/metrorealtypanama.com\\\/wp-content\\\/uploads\\\/2023\\\/03\\\/metro-realty-panama.webp\",\"@id\":\"https:\\\/\\\/metrorealtypanama.com\\\/fr\\\/metro-realty-panama\\\/#organizationLogo\",\"width\":463,\"height\":455,\"caption\":\"metro realty panama\"},\"image\":{\"@id\":\"https:\\\/\\\/metrorealtypanama.com\\\/fr\\\/metro-realty-panama\\\/#organizationLogo\"},\"sameAs\":[\"https:\\\/\\\/facebook.com\\\/MetroRealtyPanama\",\"https:\\\/\\\/x.com\\\/MetroRealtyPanama\",\"https:\\\/\\\/instagram.com\\\/MetroRealtyPanama\",\"https:\\\/\\\/pinterest.com\\\/MetroRealtyPanama\",\"https:\\\/\\\/youtube.com\\\/MetroRealtyPanama\",\"https:\\\/\\\/linkedin.com\\\/in\\\/MetroRealtyPanama\"],\"address\":{\"@id\":\"https:\\\/\\\/metrorealtypanama.com\\\/fr\\\/#postaladdress\",\"@type\":\"PostalAddress\",\"streetAddress\":\"Street Mall, 3rd floor, Office 308,\",\"addressLocality\":\"Panama City\",\"addressRegion\":\"Panama\"}},{\"@type\":\"WebPage\",\"@id\":\"https:\\\/\\\/metrorealtypanama.com\\\/fr\\\/metro-realty-panama\\\/#webpage\",\"url\":\"https:\\\/\\\/metrorealtypanama.com\\\/fr\\\/metro-realty-panama\\\/\",\"name\":\"Metro Realty Panama | Metro Realty Panama\",\"description\":\"Metro Realty Panama est n\\u00e9 en 2007 lorsque son fondateur Alexander Barrelier voit sur le march\\u00e9 la n\\u00e9cessit\\u00e9 de fournir des accessoires honn\\u00eates, fiables et mis \\u00e0 jour avec les normes de qualit\\u00e9 les plus \\u00e9lev\\u00e9es dans les services offerts par l\\u2019entreprise. Depuis sa cr\\u00e9ation, Metro Realty a collabor\\u00e9 avec plusieurs soci\\u00e9t\\u00e9s immobili\\u00e8res locales et\",\"inLanguage\":\"fr-FR\",\"isPartOf\":{\"@id\":\"https:\\\/\\\/metrorealtypanama.com\\\/fr\\\/#website\"},\"breadcrumb\":{\"@id\":\"https:\\\/\\\/metrorealtypanama.com\\\/fr\\\/metro-realty-panama\\\/#breadcrumblist\"},\"datePublished\":\"2017-06-22T11:01:08-05:00\",\"dateModified\":\"2022-01-07T09:51:26-05:00\"},{\"@type\":\"WebSite\",\"@id\":\"https:\\\/\\\/metrorealtypanama.com\\\/fr\\\/#website\",\"url\":\"https:\\\/\\\/metrorealtypanama.com\\\/fr\\\/\",\"name\":\"Metro Realty Panama\",\"description\":\"Find & Sell Your Panama Real Estate Properties with Metro Realty\",\"inLanguage\":\"fr-FR\",\"publisher\":{\"@id\":\"https:\\\/\\\/metrorealtypanama.com\\\/fr\\\/#organization\"}}]}\n\t\t<\/script>\n\t\t<script type=\"text\/javascript\">\n\t\t\t(function(c,l,a,r,i,t,y){\n\t\t\tc[a]=c[a]||function(){(c[a].q=c[a].q||[]).push(arguments)};t=l.createElement(r);t.async=1;\n\t\t\tt.src=\"https:\/\/www.clarity.ms\/tag\/\"+i+\"?ref=aioseo\";y=l.getElementsByTagName(r)[0];y.parentNode.insertBefore(t,y);\n\t\t})(window, document, \"clarity\", \"script\", \"Metro Realty\");\n\t\t<\/script>\n\t\t<!-- All in One SEO Pro -->\r\n\t\t<title>Metro Realty Panama | Metro Realty Panama<\/title>\n\n","aioseo_head_json":{"title":"Metro Realty Panama | Metro Realty Panama","description":"Metro Realty Panama est n\u00e9 en 2007 lorsque son fondateur Alexander Barrelier voit sur le march\u00e9 la n\u00e9cessit\u00e9 de fournir des accessoires honn\u00eates, fiables et mis \u00e0 jour avec les normes de qualit\u00e9 les plus \u00e9lev\u00e9es dans les services offerts par l\u2019entreprise. Depuis sa cr\u00e9ation, Metro Realty a collabor\u00e9 avec plusieurs soci\u00e9t\u00e9s immobili\u00e8res locales et","canonical_url":"https:\/\/metrorealtypanama.com\/fr\/metro-realty-panama\/","robots":"max-image-preview:large","keywords":"","webmasterTools":{"msvalidate.01":"018CAF02C813ED25E2A2E75353082B4B","miscellaneous":""},"schema":{"@context":"https:\/\/schema.org","@graph":[{"@type":"BreadcrumbList","@id":"https:\/\/metrorealtypanama.com\/fr\/metro-realty-panama\/#breadcrumblist","itemListElement":[{"@type":"ListItem","@id":"https:\/\/metrorealtypanama.com\/fr\/#listItem","position":1,"name":"Home","item":"https:\/\/metrorealtypanama.com\/fr\/","nextItem":{"@type":"ListItem","@id":"https:\/\/metrorealtypanama.com\/fr\/metro-realty-panama\/#listItem","name":"Metro Realty Panama"}},{"@type":"ListItem","@id":"https:\/\/metrorealtypanama.com\/fr\/metro-realty-panama\/#listItem","position":2,"name":"Metro Realty Panama","previousItem":{"@type":"ListItem","@id":"https:\/\/metrorealtypanama.com\/fr\/#listItem","name":"Home"}}]},{"@type":"Organization","@id":"https:\/\/metrorealtypanama.com\/fr\/#organization","name":"Metro Realty Panama","description":"Find & Sell Your Panama Real Estate Properties with Metro Realty","url":"https:\/\/metrorealtypanama.com\/fr\/","email":"info@metrorealtypanama.com","telephone":"+17273642591","logo":{"@type":"ImageObject","url":"https:\/\/metrorealtypanama.com\/wp-content\/uploads\/2023\/03\/metro-realty-panama.webp","@id":"https:\/\/metrorealtypanama.com\/fr\/metro-realty-panama\/#organizationLogo","width":463,"height":455,"caption":"metro realty panama"},"image":{"@id":"https:\/\/metrorealtypanama.com\/fr\/metro-realty-panama\/#organizationLogo"},"sameAs":["https:\/\/facebook.com\/MetroRealtyPanama","https:\/\/x.com\/MetroRealtyPanama","https:\/\/instagram.com\/MetroRealtyPanama","https:\/\/pinterest.com\/MetroRealtyPanama","https:\/\/youtube.com\/MetroRealtyPanama","https:\/\/linkedin.com\/in\/MetroRealtyPanama"],"address":{"@id":"https:\/\/metrorealtypanama.com\/fr\/#postaladdress","@type":"PostalAddress","streetAddress":"Street Mall, 3rd floor, Office 308,","addressLocality":"Panama City","addressRegion":"Panama"}},{"@type":"WebPage","@id":"https:\/\/metrorealtypanama.com\/fr\/metro-realty-panama\/#webpage","url":"https:\/\/metrorealtypanama.com\/fr\/metro-realty-panama\/","name":"Metro Realty Panama | Metro Realty Panama","description":"Metro Realty Panama est n\u00e9 en 2007 lorsque son fondateur Alexander Barrelier voit sur le march\u00e9 la n\u00e9cessit\u00e9 de fournir des accessoires honn\u00eates, fiables et mis \u00e0 jour avec les normes de qualit\u00e9 les plus \u00e9lev\u00e9es dans les services offerts par l\u2019entreprise. Depuis sa cr\u00e9ation, Metro Realty a collabor\u00e9 avec plusieurs soci\u00e9t\u00e9s immobili\u00e8res locales et","inLanguage":"fr-FR","isPartOf":{"@id":"https:\/\/metrorealtypanama.com\/fr\/#website"},"breadcrumb":{"@id":"https:\/\/metrorealtypanama.com\/fr\/metro-realty-panama\/#breadcrumblist"},"datePublished":"2017-06-22T11:01:08-05:00","dateModified":"2022-01-07T09:51:26-05:00"},{"@type":"WebSite","@id":"https:\/\/metrorealtypanama.com\/fr\/#website","url":"https:\/\/metrorealtypanama.com\/fr\/","name":"Metro Realty Panama","description":"Find & Sell Your Panama Real Estate Properties with Metro Realty","inLanguage":"fr-FR","publisher":{"@id":"https:\/\/metrorealtypanama.com\/fr\/#organization"}}]},"og:locale":"fr_FR","og:site_name":"Metro Realty Panama | Find &amp; Sell Your Panama Real Estate Properties with Metro Realty","og:type":"article","og:title":"Metro Realty Panama | Metro Realty Panama","og:description":"Metro Realty Panama est n\u00e9 en 2007 lorsque son fondateur Alexander Barrelier voit sur le march\u00e9 la n\u00e9cessit\u00e9 de fournir des accessoires honn\u00eates, fiables et mis \u00e0 jour avec les normes de qualit\u00e9 les plus \u00e9lev\u00e9es dans les services offerts par l\u2019entreprise. Depuis sa cr\u00e9ation, Metro Realty a collabor\u00e9 avec plusieurs soci\u00e9t\u00e9s immobili\u00e8res locales et","og:url":"https:\/\/metrorealtypanama.com\/fr\/metro-realty-panama\/","og:image":"https:\/\/metrorealtypanama.com\/wp-content\/uploads\/2023\/03\/facebook-metro-realty-panama.webp","og:image:secure_url":"https:\/\/metrorealtypanama.com\/wp-content\/uploads\/2023\/03\/facebook-metro-realty-panama.webp","og:image:width":1246,"og:image:height":1251,"article:published_time":"2017-06-22T16:01:08+00:00","article:modified_time":"2022-01-07T14:51:26+00:00","article:publisher":"https:\/\/facebook.com\/MetroRealtyPanama","twitter:card":"summary","twitter:site":"@MetroRealtyPanama","twitter:title":"Metro Realty Panama | Metro Realty Panama","twitter:description":"Metro Realty Panama est n\u00e9 en 2007 lorsque son fondateur Alexander Barrelier voit sur le march\u00e9 la n\u00e9cessit\u00e9 de fournir des accessoires honn\u00eates, fiables et mis \u00e0 jour avec les normes de qualit\u00e9 les plus \u00e9lev\u00e9es dans les services offerts par l\u2019entreprise. Depuis sa cr\u00e9ation, Metro Realty a collabor\u00e9 avec plusieurs soci\u00e9t\u00e9s immobili\u00e8res locales et","twitter:creator":"@MetroRealtyPanama","twitter:image":"https:\/\/www.metrorealtypanama.com\/wp-content\/uploads\/2022\/09\/logo-1x1-actualizado-fondo-copy.jpg"},"aioseo_meta_data":{"post_id":"3908","title":null,"description":null,"keywords":[],"keyphrases":{"focus":[],"additional":[]},"primary_term":null,"canonical_url":null,"og_title":null,"og_description":null,"og_object_type":"default","og_image_type":"default","og_image_url":null,"og_image_width":null,"og_image_height":null,"og_image_custom_url":null,"og_image_custom_fields":null,"og_video":"","og_custom_url":null,"og_article_section":null,"og_article_tags":[],"twitter_use_og":false,"twitter_card":"default","twitter_image_type":"default","twitter_image_url":null,"twitter_image_custom_url":null,"twitter_image_custom_fields":null,"twitter_title":null,"twitter_description":null,"schema":{"blockGraphs":[],"customGraphs":[],"default":{"data":{"Article":[],"Course":[],"Dataset":[],"FAQPage":[],"Movie":[],"Person":[],"Product":[],"ProductReview":[],"Car":[],"Recipe":[],"Service":[],"SoftwareApplication":[],"WebPage":[]},"graphName":"","isEnabled":true},"graphs":[],"defaultGraph":"WebPage","defaultPostTypeGraph":""},"schema_type":"default","schema_type_options":"{\"article\":{\"articleType\":\"BlogPosting\"},\"course\":{\"name\":\"\",\"description\":\"\",\"provider\":\"\"},\"faq\":{\"pages\":[]},\"product\":{\"reviews\":[]},\"recipe\":{\"ingredients\":[],\"instructions\":[],\"keywords\":[]},\"software\":{\"reviews\":[],\"operatingSystems\":[]},\"webPage\":{\"webPageType\":\"WebPage\"}}","pillar_content":false,"robots_default":true,"robots_noindex":false,"robots_noarchive":false,"robots_nosnippet":false,"robots_nofollow":false,"robots_noimageindex":false,"robots_noodp":false,"robots_notranslate":false,"robots_max_snippet":"-1","robots_max_videopreview":"-1","robots_max_imagepreview":"large","priority":null,"frequency":"default","local_seo":null,"seo_analyzer_scan_date":"2025-10-16 21:00:55","breadcrumb_settings":null,"limit_modified_date":false,"reviewed_by":null,"open_ai":null,"ai":null,"created":"2021-09-21 05:08:38","updated":"2025-10-20 17:21:43"},"aioseo_breadcrumb":"<div class=\"aioseo-breadcrumbs\"><span class=\"aioseo-breadcrumb\">\n\t<a href=\"https:\/\/metrorealtypanama.com\/fr\/\" title=\"Home\">Home<\/a>\n<\/span><span class=\"aioseo-breadcrumb-separator\">&raquo;<\/span><span class=\"aioseo-breadcrumb\">\n\tMetro Realty Panama\n<\/span><\/div>","aioseo_breadcrumb_json":[{"label":"Home","link":"https:\/\/metrorealtypanama.com\/fr\/"},{"label":"Metro Realty Panama","link":"https:\/\/metrorealtypanama.com\/fr\/metro-realty-panama\/"}],"_links":{"self":[{"href":"https:\/\/metrorealtypanama.com\/fr\/wp-json\/wp\/v2\/pages\/3908","targetHints":{"allow":["GET"]}}],"collection":[{"href":"https:\/\/metrorealtypanama.com\/fr\/wp-json\/wp\/v2\/pages"}],"about":[{"href":"https:\/\/metrorealtypanama.com\/fr\/wp-json\/wp\/v2\/types\/page"}],"author":[{"embeddable":true,"href":"https:\/\/metrorealtypanama.com\/fr\/wp-json\/wp\/v2\/users\/31"}],"replies":[{"embeddable":true,"href":"https:\/\/metrorealtypanama.com\/fr\/wp-json\/wp\/v2\/comments?post=3908"}],"version-history":[{"count":3,"href":"https:\/\/metrorealtypanama.com\/fr\/wp-json\/wp\/v2\/pages\/3908\/revisions"}],"predecessor-version":[{"id":36554,"href":"https:\/\/metrorealtypanama.com\/fr\/wp-json\/wp\/v2\/pages\/3908\/revisions\/36554"}],"wp:attachment":[{"href":"https:\/\/metrorealtypanama.com\/fr\/wp-json\/wp\/v2\/media?parent=3908"}],"curies":[{"name":"wp","href":"https:\/\/api.w.org\/{rel}","templated":true}]}}