
{"id":49651,"date":"2016-03-10T14:36:36","date_gmt":"2016-03-10T14:36:36","guid":{"rendered":"https:\/\/metrorealtypanama.com\/about-us-metro-realty-panama\/"},"modified":"2024-12-09T00:00:54","modified_gmt":"2024-12-09T05:00:54","slug":"nosotros-metro-realty-panama","status":"publish","type":"page","link":"https:\/\/metrorealtypanama.com\/es\/nosotros-metro-realty-panama\/","title":{"rendered":"Nosotros"},"content":{"rendered":"\t\t<div data-elementor-type=\"wp-page\" data-elementor-id=\"49651\" class=\"elementor elementor-49651\" data-elementor-post-type=\"page\">\n\t\t\t\t\t\t<section class=\"elementor-section elementor-top-section elementor-element elementor-element-52e7c5d5 elementor-section-boxed elementor-section-height-default elementor-section-height-default\" data-id=\"52e7c5d5\" data-element_type=\"section\" data-e-type=\"section\">\n\t\t\t\t\t\t<div class=\"elementor-container elementor-column-gap-default\">\n\t\t\t\t\t<div class=\"elementor-column elementor-col-100 elementor-top-column elementor-element elementor-element-bddc4db\" data-id=\"bddc4db\" data-element_type=\"column\" data-e-type=\"column\">\n\t\t\t<div class=\"elementor-widget-wrap elementor-element-populated\">\n\t\t\t\t\t\t<div class=\"elementor-element elementor-element-82f9ee7 elementor-widget elementor-widget-text-editor\" data-id=\"82f9ee7\" data-element_type=\"widget\" data-e-type=\"widget\" data-widget_type=\"text-editor.default\">\n\t\t\t\t<div class=\"elementor-widget-container\">\n\t\t\t\t\t\t\t\t\t<h3><strong>Nuestra Misi\u00f3n, Visi\u00f3n y Valores<\/strong><\/h3><p>En <em>Metro Realty Panama<\/em>, creemos que el negocio inmobiliario es mucho m\u00e1s que una simple transacci\u00f3n: se trata de construir relaciones duraderas y brindar orientaci\u00f3n experta en cada paso del camino. Ya sea que est\u00e9 buscando la casa de sus sue\u00f1os o una oportunidad de inversi\u00f3n en Panam\u00e1, nos comprometemos a ofrecer servicios personalizados, profesionales y transparentes, adaptados a sus necesidades \u00fanicas.<\/p><p>Nuestra misi\u00f3n, visi\u00f3n y valores fundamentales reflejan qui\u00e9nes somos y lo que aspiramos ser: su socio inmobiliario de confianza para clientes internacionales, ofreciendo una experiencia de mercado inigualable y fomentando un entorno inclusivo e innovador. A medida que seguimos creciendo y evolucionando, nos mantenemos enfocados en garantizar que cada experiencia de cliente sea fluida, gratificante y basada en la confianza.<\/p><p>Explore nuestra misi\u00f3n, visi\u00f3n y valores a continuaci\u00f3n, y descubra por qu\u00e9 <em>Metro Realty Panama<\/em> es la elecci\u00f3n correcta para su pr\u00f3ximo viaje inmobiliario.<\/p><hr \/><h3><strong>Misi\u00f3n:<\/strong><\/h3><p>En <em>Metro Realty Panama<\/em>, estamos comprometidos a ser su asesor inmobiliario de confianza, ofreciendo orientaci\u00f3n profesional y un profundo conocimiento del mercado para ayudarle a encontrar las mejores opciones de propiedad. Especializados en atender a clientes internacionales, utilizamos tecnolog\u00eda avanzada para agilizar el proceso de b\u00fasqueda de propiedades, asegurando que cada cliente reciba soluciones personalizadas, eficientes y adaptadas a sus necesidades. Nuestro objetivo es encontrar la propiedad perfecta que se alinee con sus necesidades y preferencias \u00fanicas, haciendo que su experiencia inmobiliaria en Panam\u00e1 sea fluida y gratificante.<\/p><hr \/><h3><strong>Visi\u00f3n:<\/strong><\/h3><p>Convertirnos en la agencia inmobiliaria l\u00edder en Panam\u00e1, conocida por nuestro extenso portafolio y presencia incomparable en ubicaciones clave como Santa Mar\u00eda, Punta Pac\u00edfica, Casco Antiguo, Costa del Este, Ocean Reef, Boquete, Playa Venao, Pedas\u00ed, Ca\u00f1as y Bocas del Toro. Nuestro objetivo es dominar tanto los motores de b\u00fasqueda como las plataformas de redes sociales, convirtiendo a <em>Metro Realty Panama<\/em> en la opci\u00f3n preferida de compradores locales e internacionales. A trav\u00e9s de nuestra dedicaci\u00f3n a las relaciones con los clientes, nos esforzamos por ser vistos como amigos de confianza, no solo como agentes, y por brindar un servicio excepcional con integridad y cuidado. En los pr\u00f3ximos 5 a 10 a\u00f1os, aspiramos a controlar el panorama inmobiliario en la Ciudad de Panam\u00e1 y m\u00e1s all\u00e1.<\/p><hr \/><h3><strong>Valores:<\/strong><\/h3><ul><li><strong>Integridad y Honestidad<\/strong>: Mantenemos los m\u00e1s altos est\u00e1ndares de honestidad y transparencia en todas nuestras interacciones, asegurando confianza y fiabilidad en cada trato.<\/li><li><strong>Profesionalismo<\/strong>: Brindamos un servicio experto y de alta calidad en cada paso del proceso, asegurando que nuestros clientes reciban la mejor orientaci\u00f3n y atenci\u00f3n posibles.<\/li><li><strong>Innovaci\u00f3n<\/strong>: Aprovechamos la tecnolog\u00eda de vanguardia para mejorar la experiencia del cliente, asegurando un viaje inmobiliario fluido, moderno y eficiente.<\/li><li><strong>Enfoque en el Cliente<\/strong>: Nos comprometemos a actuar siempre en el mejor inter\u00e9s de nuestros clientes, asegur\u00e1ndonos de que sus necesidades y deseos se prioricen.<\/li><li><strong>Inclusividad<\/strong>: Tratamos a todas las personas con respeto y dignidad, sin importar su raza, nacionalidad, idioma o antecedentes, creando un ambiente de apertura y equidad.<\/li><\/ul>\t\t\t\t\t\t\t\t<\/div>\n\t\t\t\t<\/div>\n\t\t\t\t\t<\/div>\n\t\t<\/div>\n\t\t\t\t\t<\/div>\n\t\t<\/section>\n\t\t\t\t<\/div>\n\t\t","protected":false},"excerpt":{"rendered":"<p>Nuestra Misi\u00f3n, Visi\u00f3n y Valores En Metro Realty Panama, creemos que el negocio inmobiliario es mucho m\u00e1s que una simple transacci\u00f3n: se trata de construir relaciones duraderas y brindar orientaci\u00f3n experta en cada paso del camino. Ya sea que est\u00e9 buscando la casa de sus sue\u00f1os o una oportunidad de inversi\u00f3n en Panam\u00e1, nos comprometemos [&hellip;]<\/p>\n","protected":false},"author":31,"featured_media":0,"parent":0,"menu_order":0,"comment_status":"closed","ping_status":"closed","template":"template\/template-page.php","meta":{"_acf_changed":false,"footnotes":""},"class_list":["post-49651","page","type-page","status-publish","hentry"],"acf":[],"aioseo_notices":[],"aioseo_head":"\n\t\t<!-- All in One SEO Pro 4.9.5.2 - aioseo.com -->\n\t<meta name=\"description\" content=\"Metro Realty Panama ofrece asesor\u00eda inmobiliaria experta y personalizada, ayudando a clientes internacionales a encontrar propiedades ideales en Panam\u00e1.\" \/>\n\t<meta name=\"robots\" content=\"max-image-preview:large\" \/>\n\t<meta name=\"msvalidate.01\" content=\"018CAF02C813ED25E2A2E75353082B4B\" \/>\n\t<link rel=\"canonical\" href=\"https:\/\/metrorealtypanama.com\/es\/nosotros-metro-realty-panama\/\" \/>\n\t<meta name=\"generator\" content=\"All in One SEO Pro (AIOSEO) 4.9.5.2\" \/>\n\t\t<meta property=\"og:locale\" content=\"es_ES\" \/>\n\t\t<meta property=\"og:site_name\" content=\"Metro Realty Panama | Find &amp; Sell Your Panama Real Estate Properties with Metro Realty\" \/>\n\t\t<meta property=\"og:type\" content=\"article\" \/>\n\t\t<meta property=\"og:title\" content=\"Metro Realty Panama Conoce todo sobre Nosotros\" \/>\n\t\t<meta property=\"og:description\" content=\"Metro Realty Panama ofrece asesor\u00eda inmobiliaria experta y personalizada, ayudando a clientes internacionales a encontrar propiedades ideales en Panam\u00e1.\" \/>\n\t\t<meta property=\"og:url\" content=\"https:\/\/metrorealtypanama.com\/es\/nosotros-metro-realty-panama\/\" \/>\n\t\t<meta property=\"og:image\" content=\"https:\/\/metrorealtypanama.com\/wp-content\/uploads\/2023\/03\/facebook-metro-realty-panama.webp\" \/>\n\t\t<meta property=\"og:image:secure_url\" content=\"https:\/\/metrorealtypanama.com\/wp-content\/uploads\/2023\/03\/facebook-metro-realty-panama.webp\" \/>\n\t\t<meta property=\"og:image:width\" content=\"1246\" \/>\n\t\t<meta property=\"og:image:height\" content=\"1251\" \/>\n\t\t<meta property=\"article:published_time\" content=\"2016-03-10T14:36:36+00:00\" \/>\n\t\t<meta property=\"article:modified_time\" content=\"2024-12-09T05:00:54+00:00\" \/>\n\t\t<meta property=\"article:publisher\" content=\"https:\/\/facebook.com\/MetroRealtyPanama\" \/>\n\t\t<meta name=\"twitter:card\" content=\"summary\" \/>\n\t\t<meta name=\"twitter:site\" content=\"@MetroRealtyPanama\" \/>\n\t\t<meta name=\"twitter:title\" content=\"Metro Realty Panama Conoce todo sobre Nosotros\" \/>\n\t\t<meta name=\"twitter:description\" content=\"Metro Realty Panama ofrece asesor\u00eda inmobiliaria experta y personalizada, ayudando a clientes internacionales a encontrar propiedades ideales en Panam\u00e1.\" \/>\n\t\t<meta name=\"twitter:creator\" content=\"@MetroRealtyPanama\" \/>\n\t\t<meta name=\"twitter:image\" content=\"https:\/\/www.metrorealtypanama.com\/wp-content\/uploads\/2022\/09\/logo-1x1-actualizado-fondo-copy.jpg\" \/>\n\t\t<script type=\"application\/ld+json\" class=\"aioseo-schema\">\n\t\t\t{\"@context\":\"https:\\\/\\\/schema.org\",\"@graph\":[{\"@type\":\"BreadcrumbList\",\"@id\":\"https:\\\/\\\/metrorealtypanama.com\\\/es\\\/nosotros-metro-realty-panama\\\/#breadcrumblist\",\"itemListElement\":[{\"@type\":\"ListItem\",\"@id\":\"https:\\\/\\\/metrorealtypanama.com\\\/es\\\/#listItem\",\"position\":1,\"name\":\"Home\",\"item\":\"https:\\\/\\\/metrorealtypanama.com\\\/es\\\/\",\"nextItem\":{\"@type\":\"ListItem\",\"@id\":\"https:\\\/\\\/metrorealtypanama.com\\\/es\\\/nosotros-metro-realty-panama\\\/#listItem\",\"name\":\"Nosotros\"}},{\"@type\":\"ListItem\",\"@id\":\"https:\\\/\\\/metrorealtypanama.com\\\/es\\\/nosotros-metro-realty-panama\\\/#listItem\",\"position\":2,\"name\":\"Nosotros\",\"previousItem\":{\"@type\":\"ListItem\",\"@id\":\"https:\\\/\\\/metrorealtypanama.com\\\/es\\\/#listItem\",\"name\":\"Home\"}}]},{\"@type\":\"Organization\",\"@id\":\"https:\\\/\\\/metrorealtypanama.com\\\/es\\\/#organization\",\"name\":\"Metro Realty Panama\",\"description\":\"Find & Sell Your Panama Real Estate Properties with Metro Realty\",\"url\":\"https:\\\/\\\/metrorealtypanama.com\\\/es\\\/\",\"email\":\"info@metrorealtypanama.com\",\"telephone\":\"+17273642591\",\"logo\":{\"@type\":\"ImageObject\",\"url\":\"https:\\\/\\\/metrorealtypanama.com\\\/wp-content\\\/uploads\\\/2023\\\/03\\\/metro-realty-panama.webp\",\"@id\":\"https:\\\/\\\/metrorealtypanama.com\\\/es\\\/nosotros-metro-realty-panama\\\/#organizationLogo\",\"width\":463,\"height\":455,\"caption\":\"metro realty panama\"},\"image\":{\"@id\":\"https:\\\/\\\/metrorealtypanama.com\\\/es\\\/nosotros-metro-realty-panama\\\/#organizationLogo\"},\"sameAs\":[\"https:\\\/\\\/facebook.com\\\/MetroRealtyPanama\",\"https:\\\/\\\/x.com\\\/MetroRealtyPanama\",\"https:\\\/\\\/instagram.com\\\/MetroRealtyPanama\",\"https:\\\/\\\/pinterest.com\\\/MetroRealtyPanama\",\"https:\\\/\\\/youtube.com\\\/MetroRealtyPanama\",\"https:\\\/\\\/linkedin.com\\\/in\\\/MetroRealtyPanama\"],\"address\":{\"@id\":\"https:\\\/\\\/metrorealtypanama.com\\\/es\\\/#postaladdress\",\"@type\":\"PostalAddress\",\"streetAddress\":\"Street Mall, 3rd floor, Office 308,\",\"addressLocality\":\"Panama City\",\"addressRegion\":\"Panama\"}},{\"@type\":\"WebPage\",\"@id\":\"https:\\\/\\\/metrorealtypanama.com\\\/es\\\/nosotros-metro-realty-panama\\\/#webpage\",\"url\":\"https:\\\/\\\/metrorealtypanama.com\\\/es\\\/nosotros-metro-realty-panama\\\/\",\"name\":\"Metro Realty Panama Conoce todo sobre Nosotros\",\"description\":\"Metro Realty Panama ofrece asesor\\u00eda inmobiliaria experta y personalizada, ayudando a clientes internacionales a encontrar propiedades ideales en Panam\\u00e1.\",\"inLanguage\":\"es-ES\",\"isPartOf\":{\"@id\":\"https:\\\/\\\/metrorealtypanama.com\\\/es\\\/#website\"},\"breadcrumb\":{\"@id\":\"https:\\\/\\\/metrorealtypanama.com\\\/es\\\/nosotros-metro-realty-panama\\\/#breadcrumblist\"},\"datePublished\":\"2016-03-10T14:36:36-05:00\",\"dateModified\":\"2024-12-09T00:00:54-05:00\"},{\"@type\":\"WebSite\",\"@id\":\"https:\\\/\\\/metrorealtypanama.com\\\/es\\\/#website\",\"url\":\"https:\\\/\\\/metrorealtypanama.com\\\/es\\\/\",\"name\":\"Metro Realty Panama\",\"description\":\"Find & Sell Your Panama Real Estate Properties with Metro Realty\",\"inLanguage\":\"es-ES\",\"publisher\":{\"@id\":\"https:\\\/\\\/metrorealtypanama.com\\\/es\\\/#organization\"}}]}\n\t\t<\/script>\n\t\t<script type=\"text\/javascript\">\n\t\t\t(function(c,l,a,r,i,t,y){\n\t\t\tc[a]=c[a]||function(){(c[a].q=c[a].q||[]).push(arguments)};t=l.createElement(r);t.async=1;\n\t\t\tt.src=\"https:\/\/www.clarity.ms\/tag\/\"+i+\"?ref=aioseo\";y=l.getElementsByTagName(r)[0];y.parentNode.insertBefore(t,y);\n\t\t})(window, document, \"clarity\", \"script\", \"Metro Realty\");\n\t\t<\/script>\n\t\t<!-- All in One SEO Pro -->\r\n\t\t<title>Metro Realty Panama Conoce todo sobre Nosotros<\/title>\n\n","aioseo_head_json":{"title":"Metro Realty Panama Conoce todo sobre Nosotros","description":"Metro Realty Panama ofrece asesor\u00eda inmobiliaria experta y personalizada, ayudando a clientes internacionales a encontrar propiedades ideales en Panam\u00e1.","canonical_url":"https:\/\/metrorealtypanama.com\/es\/nosotros-metro-realty-panama\/","robots":"max-image-preview:large","keywords":"","webmasterTools":{"msvalidate.01":"018CAF02C813ED25E2A2E75353082B4B","miscellaneous":""},"schema":{"@context":"https:\/\/schema.org","@graph":[{"@type":"BreadcrumbList","@id":"https:\/\/metrorealtypanama.com\/es\/nosotros-metro-realty-panama\/#breadcrumblist","itemListElement":[{"@type":"ListItem","@id":"https:\/\/metrorealtypanama.com\/es\/#listItem","position":1,"name":"Home","item":"https:\/\/metrorealtypanama.com\/es\/","nextItem":{"@type":"ListItem","@id":"https:\/\/metrorealtypanama.com\/es\/nosotros-metro-realty-panama\/#listItem","name":"Nosotros"}},{"@type":"ListItem","@id":"https:\/\/metrorealtypanama.com\/es\/nosotros-metro-realty-panama\/#listItem","position":2,"name":"Nosotros","previousItem":{"@type":"ListItem","@id":"https:\/\/metrorealtypanama.com\/es\/#listItem","name":"Home"}}]},{"@type":"Organization","@id":"https:\/\/metrorealtypanama.com\/es\/#organization","name":"Metro Realty Panama","description":"Find & Sell Your Panama Real Estate Properties with Metro Realty","url":"https:\/\/metrorealtypanama.com\/es\/","email":"info@metrorealtypanama.com","telephone":"+17273642591","logo":{"@type":"ImageObject","url":"https:\/\/metrorealtypanama.com\/wp-content\/uploads\/2023\/03\/metro-realty-panama.webp","@id":"https:\/\/metrorealtypanama.com\/es\/nosotros-metro-realty-panama\/#organizationLogo","width":463,"height":455,"caption":"metro realty panama"},"image":{"@id":"https:\/\/metrorealtypanama.com\/es\/nosotros-metro-realty-panama\/#organizationLogo"},"sameAs":["https:\/\/facebook.com\/MetroRealtyPanama","https:\/\/x.com\/MetroRealtyPanama","https:\/\/instagram.com\/MetroRealtyPanama","https:\/\/pinterest.com\/MetroRealtyPanama","https:\/\/youtube.com\/MetroRealtyPanama","https:\/\/linkedin.com\/in\/MetroRealtyPanama"],"address":{"@id":"https:\/\/metrorealtypanama.com\/es\/#postaladdress","@type":"PostalAddress","streetAddress":"Street Mall, 3rd floor, Office 308,","addressLocality":"Panama City","addressRegion":"Panama"}},{"@type":"WebPage","@id":"https:\/\/metrorealtypanama.com\/es\/nosotros-metro-realty-panama\/#webpage","url":"https:\/\/metrorealtypanama.com\/es\/nosotros-metro-realty-panama\/","name":"Metro Realty Panama Conoce todo sobre Nosotros","description":"Metro Realty Panama ofrece asesor\u00eda inmobiliaria experta y personalizada, ayudando a clientes internacionales a encontrar propiedades ideales en Panam\u00e1.","inLanguage":"es-ES","isPartOf":{"@id":"https:\/\/metrorealtypanama.com\/es\/#website"},"breadcrumb":{"@id":"https:\/\/metrorealtypanama.com\/es\/nosotros-metro-realty-panama\/#breadcrumblist"},"datePublished":"2016-03-10T14:36:36-05:00","dateModified":"2024-12-09T00:00:54-05:00"},{"@type":"WebSite","@id":"https:\/\/metrorealtypanama.com\/es\/#website","url":"https:\/\/metrorealtypanama.com\/es\/","name":"Metro Realty Panama","description":"Find & Sell Your Panama Real Estate Properties with Metro Realty","inLanguage":"es-ES","publisher":{"@id":"https:\/\/metrorealtypanama.com\/es\/#organization"}}]},"og:locale":"es_ES","og:site_name":"Metro Realty Panama | Find &amp; Sell Your Panama Real Estate Properties with Metro Realty","og:type":"article","og:title":"Metro Realty Panama Conoce todo sobre Nosotros","og:description":"Metro Realty Panama ofrece asesor\u00eda inmobiliaria experta y personalizada, ayudando a clientes internacionales a encontrar propiedades ideales en Panam\u00e1.","og:url":"https:\/\/metrorealtypanama.com\/es\/nosotros-metro-realty-panama\/","og:image":"https:\/\/metrorealtypanama.com\/wp-content\/uploads\/2023\/03\/facebook-metro-realty-panama.webp","og:image:secure_url":"https:\/\/metrorealtypanama.com\/wp-content\/uploads\/2023\/03\/facebook-metro-realty-panama.webp","og:image:width":1246,"og:image:height":1251,"article:published_time":"2016-03-10T14:36:36+00:00","article:modified_time":"2024-12-09T05:00:54+00:00","article:publisher":"https:\/\/facebook.com\/MetroRealtyPanama","twitter:card":"summary","twitter:site":"@MetroRealtyPanama","twitter:title":"Metro Realty Panama Conoce todo sobre Nosotros","twitter:description":"Metro Realty Panama ofrece asesor\u00eda inmobiliaria experta y personalizada, ayudando a clientes internacionales a encontrar propiedades ideales en Panam\u00e1.","twitter:creator":"@MetroRealtyPanama","twitter:image":"https:\/\/www.metrorealtypanama.com\/wp-content\/uploads\/2022\/09\/logo-1x1-actualizado-fondo-copy.jpg"},"aioseo_meta_data":{"post_id":"49651","title":"Metro Realty Panama Conoce todo sobre Nosotros","description":"Metro Realty Panama ofrece asesor\u00eda inmobiliaria experta y personalizada, ayudando a clientes internacionales a encontrar propiedades ideales en Panam\u00e1.","keywords":null,"keyphrases":{"focus":{"keyphrase":"metro realty panama nosotros","score":37,"analysis":{"keyphraseInTitle":{"score":3,"maxScore":9,"error":1},"keyphraseInDescription":{"score":3,"maxScore":9,"error":1},"keyphraseLength":{"score":9,"maxScore":9,"error":0,"length":4},"keyphraseInURL":{"score":1,"maxScore":5,"error":1},"keyphraseInIntroduction":{"score":3,"maxScore":9,"error":1},"keyphraseInSubHeadings":{"score":3,"maxScore":9,"error":1},"keyphraseInImageAlt":[],"keywordDensity":{"score":0,"type":"low","maxScore":9,"error":1}}},"additional":[{"keyphrase":"nosotros","score":42,"analysis":{"keyphraseInDescription":{"score":3,"maxScore":9,"error":1},"keyphraseLength":{"score":9,"maxScore":9,"error":0,"length":1},"keyphraseInIntroduction":{"score":3,"maxScore":9,"error":1},"keyphraseInImageAlt":[],"keywordDensity":{"score":0,"type":"low","maxScore":9,"error":1}}},{"keyphrase":"todo sobre metro realty","score":42,"analysis":{"keyphraseInDescription":{"score":3,"maxScore":9,"error":1},"keyphraseLength":{"score":9,"maxScore":9,"error":0,"length":4},"keyphraseInIntroduction":{"score":3,"maxScore":9,"error":1},"keyphraseInImageAlt":[],"keywordDensity":{"score":0,"type":"low","maxScore":9,"error":1}}}]},"primary_term":null,"canonical_url":null,"og_title":"Metro Realty Panama Conoce todo sobre Nosotros","og_description":"Metro Realty Panama ofrece asesor\u00eda inmobiliaria experta y personalizada, ayudando a clientes internacionales a encontrar propiedades ideales en Panam\u00e1.","og_object_type":"default","og_image_type":"default","og_image_url":null,"og_image_width":null,"og_image_height":null,"og_image_custom_url":null,"og_image_custom_fields":null,"og_video":"","og_custom_url":null,"og_article_section":null,"og_article_tags":null,"twitter_use_og":false,"twitter_card":"default","twitter_image_type":"default","twitter_image_url":null,"twitter_image_custom_url":null,"twitter_image_custom_fields":null,"twitter_title":null,"twitter_description":null,"schema":{"blockGraphs":[],"customGraphs":[],"default":{"data":{"Article":[],"Course":[],"Dataset":[],"FAQPage":[],"Movie":[],"Person":[],"Product":[],"ProductReview":[],"Car":[],"Recipe":[],"Service":[],"SoftwareApplication":[],"WebPage":[]},"graphName":"WebPage","isEnabled":true},"graphs":[],"defaultGraph":"WebPage","defaultPostTypeGraph":""},"schema_type":"default","schema_type_options":null,"pillar_content":false,"robots_default":true,"robots_noindex":false,"robots_noarchive":false,"robots_nosnippet":false,"robots_nofollow":false,"robots_noimageindex":false,"robots_noodp":false,"robots_notranslate":false,"robots_max_snippet":"-1","robots_max_videopreview":"-1","robots_max_imagepreview":"large","priority":null,"frequency":"default","local_seo":null,"seo_analyzer_scan_date":"2025-10-16 20:45:06","breadcrumb_settings":null,"limit_modified_date":false,"reviewed_by":null,"open_ai":"{\"title\":{\"suggestions\":[],\"usage\":0},\"description\":{\"suggestions\":[],\"usage\":0}}","ai":null,"created":"2022-10-19 14:47:42","updated":"2025-10-20 17:18:02"},"aioseo_breadcrumb":"<div class=\"aioseo-breadcrumbs\"><span class=\"aioseo-breadcrumb\">\n\t<a href=\"https:\/\/metrorealtypanama.com\/es\/\" title=\"Home\">Home<\/a>\n<\/span><span class=\"aioseo-breadcrumb-separator\">&raquo;<\/span><span class=\"aioseo-breadcrumb\">\n\tNosotros\n<\/span><\/div>","aioseo_breadcrumb_json":[{"label":"Home","link":"https:\/\/metrorealtypanama.com\/es\/"},{"label":"Nosotros","link":"https:\/\/metrorealtypanama.com\/es\/nosotros-metro-realty-panama\/"}],"_links":{"self":[{"href":"https:\/\/metrorealtypanama.com\/es\/wp-json\/wp\/v2\/pages\/49651","targetHints":{"allow":["GET"]}}],"collection":[{"href":"https:\/\/metrorealtypanama.com\/es\/wp-json\/wp\/v2\/pages"}],"about":[{"href":"https:\/\/metrorealtypanama.com\/es\/wp-json\/wp\/v2\/types\/page"}],"author":[{"embeddable":true,"href":"https:\/\/metrorealtypanama.com\/es\/wp-json\/wp\/v2\/users\/31"}],"replies":[{"embeddable":true,"href":"https:\/\/metrorealtypanama.com\/es\/wp-json\/wp\/v2\/comments?post=49651"}],"version-history":[{"count":6,"href":"https:\/\/metrorealtypanama.com\/es\/wp-json\/wp\/v2\/pages\/49651\/revisions"}],"predecessor-version":[{"id":69167,"href":"https:\/\/metrorealtypanama.com\/es\/wp-json\/wp\/v2\/pages\/49651\/revisions\/69167"}],"wp:attachment":[{"href":"https:\/\/metrorealtypanama.com\/es\/wp-json\/wp\/v2\/media?parent=49651"}],"curies":[{"name":"wp","href":"https:\/\/api.w.org\/{rel}","templated":true}]}}