
{"id":3926,"date":"2017-06-21T11:45:28","date_gmt":"2017-06-21T16:45:28","guid":{"rendered":"http:\/\/metrorealtypanama.com\/services\/"},"modified":"2022-02-11T07:23:54","modified_gmt":"2022-02-11T12:23:54","slug":"services","status":"publish","type":"page","link":"https:\/\/metrorealtypanama.com\/es\/services\/","title":{"rendered":"Nuestros servicios"},"content":{"rendered":"<p>En Metro Realty, buscamos ofrecer a nuestros clientes un sistema integral de servicios, donde a trav\u00e9s de nuestro equipo usted puede obtener completa satisfacci\u00f3n, ofreciendo entre nuestros servicios, asesoramiento en inversi\u00f3n inmobiliaria, trabajamos duro para encontrar la propiedad que desea, apertura de cuentas bancarias, juntos con nuestro equipo de abogados ser\u00e1 capaz de gestionar su proceso de migraci\u00f3n, entre los servicios m\u00e1s destacados que nuestra empresa ofrece a nuestros clientes.<\/p>\n<p><strong>Nuestros servicios comprenden<\/strong><\/p>\n<ul>\n<li>servicios bancarios y financieros<\/li>\n<li>ventas residenciales y \/ o alquileres<\/li>\n<li>ventas comerciales y \/ o alquileres<\/li>\n<li>consultor\u00eda para desarrollos inmobiliarios<\/li>\n<li>administracion de propiedades<\/li>\n<li>servicios de concierge y relocaci\u00f3n<\/li>\n<\/ul>\n<p>&nbsp;<\/p>\n<p><strong>Servicios bancarios y financieros<\/strong><\/p>\n<p>En los \u00faltimos a\u00f1os, la Ciudad de Panam\u00e1 se ha convertido en el <strong>centro bancario de Am\u00e9rica Latina<\/strong> con muchas protecciones establecidas para hacer las inversiones seguras. Metro Realty tiene excelentes relaciones con los bancos locales para ayudar a nuestros clientes a navegar con facilidad las hipotecas residenciales y comerciales.<\/p>\n<p><em>\u00a0<\/em><\/p>\n<p><strong>Alquileres y ventas\u00a0residenciales y comerciales<\/strong><\/p>\n<p>Metro Realty mantiene una creciente cartera de propiedades residenciales y comerciales en todo Panam\u00e1. Tambi\u00e9n trabajamos con muchas empresas multinacionales, ayudando a personas y familias a mudarse a Panam\u00e1 y ayudando a los jubilados a alquilar o comprar la casa de sus sue\u00f1os en muchas de las hermosas comunidades de playas y monta\u00f1as, como Coronado, Bijao y El Valle de Anton.<\/p>\n<p>&nbsp;<\/p>\n<p><strong>Asesoramiento y Consultor\u00eda<\/strong><\/p>\n<p>Con nuestro conocimiento del mercado paname\u00f1o, asesoramos sobre posibles ubicaciones de inversi\u00f3n, qu\u00e9 tipos de proyectos desarrollar y los mercados a los que deben dirigirse.<\/p>\n<p>A lo largo de los a\u00f1os, hemos asesorado a algunos de nuestros clientes en materia de inversi\u00f3n en desarrollo de proyectos residenciales, desde el principio hasta el final; pasando desde la identificaci\u00f3n de la tierra y ayudar en la conceptualizaci\u00f3n, hasta su posterior publicidad y venta.<\/p>\n<p><strong>\u00a0<\/strong><\/p>\n<p><strong>Servicio de concierge y relocaci\u00f3n<\/strong><\/p>\n<p>Como servicio adicional, tenemos un departamento dedicado a ayudar a los expatriados que se trasladan a Panama para trabajar en alguna de de las muchas empresas multinacionales que operan sus sedes regionales desde Panama como lo son Nestl\u00e9, Adidas, Sanofi, UBS Bank ya que Panama reune los requisitos necesarios para que puedan operar la regi\u00f3n.<\/p>\n<p>En Metro Realty, nos aseguramos de que todos los aspectos de la mudanza de nuestros clientes sean lo m\u00e1s agradable posibles y ofreciendo atenci\u00f3n personalizada para ayudarle a instalarse y adaptarse a su nueva vida en Panam\u00e1, proporcionando informaci\u00f3n, ayudando con el d\u00eda a d\u00eda, asistiendo en temas como conexi\u00f3n de servicios p\u00fablicos, la elecci\u00f3n de muebles, la ayuda con la inscripci\u00f3n del colegio para los ni\u00f1os y cualquier otra necesidad que pueda surgir durante el proceso.<\/p>\n<p><strong>\u00a0<\/strong><\/p>\n<p><strong>\u00a0Servicios l<\/strong><strong>egales<\/strong><\/p>\n<p>Con el fin de evitar contratiempos, siempre es recomendable tener abogados experimentados y bien informados para guiarle a trav\u00e9s del proceso, especialmente a aquellos que no est\u00e1n familiarizados con la ley paname\u00f1a. Juntos con nuestros socios comerciales, Metro Realty cuenta con la asesoria de dos bufetes de abogados. Uno especializado en asuntos migratorios y el otro en asuntos de negocios, tales como impuestos, compra y venta de propiedades y la adquisici\u00f3n de empresas.<\/p>\n","protected":false},"excerpt":{"rendered":"<p>En Metro Realty, buscamos ofrecer a nuestros clientes un sistema integral de servicios, donde a trav\u00e9s de nuestro equipo usted puede obtener completa satisfacci\u00f3n, ofreciendo entre nuestros servicios, asesoramiento en inversi\u00f3n inmobiliaria, trabajamos duro para encontrar la propiedad que desea, apertura de cuentas bancarias, juntos con nuestro equipo de abogados ser\u00e1 capaz de gestionar su [&hellip;]<\/p>\n","protected":false},"author":31,"featured_media":980,"parent":0,"menu_order":0,"comment_status":"closed","ping_status":"closed","template":"","meta":{"_acf_changed":false,"footnotes":""},"class_list":["post-3926","page","type-page","status-publish","has-post-thumbnail","hentry"],"acf":[],"aioseo_notices":[],"aioseo_head":"\n\t\t<!-- All in One SEO Pro 4.9.5.2 - aioseo.com -->\n\t<meta name=\"description\" content=\"Metro Realty brinda servicios de administraci\u00f3n de propiedades y bienes ra\u00edces comerciales en Panam\u00e1. Trabajamos duro para encontrar la propiedad que desea.\" \/>\n\t<meta name=\"robots\" content=\"max-image-preview:large\" \/>\n\t<meta name=\"msvalidate.01\" content=\"018CAF02C813ED25E2A2E75353082B4B\" \/>\n\t<link rel=\"canonical\" href=\"https:\/\/metrorealtypanama.com\/es\/services\/\" \/>\n\t<meta name=\"generator\" content=\"All in One SEO Pro (AIOSEO) 4.9.5.2\" \/>\n\t\t<meta property=\"og:locale\" content=\"es_ES\" \/>\n\t\t<meta property=\"og:site_name\" content=\"Metro Realty Panama | Find &amp; Sell Your Panama Real Estate Properties with Metro Realty\" \/>\n\t\t<meta property=\"og:type\" content=\"article\" \/>\n\t\t<meta property=\"og:title\" content=\"Gesti\u00f3n de Propiedades y Bienes Ra\u00edces Comerciales en Panam\u00e1\" \/>\n\t\t<meta property=\"og:description\" content=\"Metro Realty brinda servicios de administraci\u00f3n de propiedades y bienes ra\u00edces comerciales en Panam\u00e1. Trabajamos duro para encontrar la propiedad que desea.\" \/>\n\t\t<meta property=\"og:url\" content=\"https:\/\/metrorealtypanama.com\/es\/services\/\" \/>\n\t\t<meta property=\"og:image\" content=\"https:\/\/metrorealtypanama.com\/wp-content\/uploads\/2023\/03\/facebook-metro-realty-panama.webp\" \/>\n\t\t<meta property=\"og:image:secure_url\" content=\"https:\/\/metrorealtypanama.com\/wp-content\/uploads\/2023\/03\/facebook-metro-realty-panama.webp\" \/>\n\t\t<meta property=\"og:image:width\" content=\"1246\" \/>\n\t\t<meta property=\"og:image:height\" content=\"1251\" \/>\n\t\t<meta property=\"article:published_time\" content=\"2017-06-21T16:45:28+00:00\" \/>\n\t\t<meta property=\"article:modified_time\" content=\"2022-02-11T12:23:54+00:00\" \/>\n\t\t<meta property=\"article:publisher\" content=\"https:\/\/facebook.com\/MetroRealtyPanama\" \/>\n\t\t<meta name=\"twitter:card\" content=\"summary\" \/>\n\t\t<meta name=\"twitter:site\" content=\"@MetroRealtyPanama\" \/>\n\t\t<meta name=\"twitter:title\" content=\"Gesti\u00f3n de Propiedades y Bienes Ra\u00edces Comerciales en Panam\u00e1\" \/>\n\t\t<meta name=\"twitter:description\" content=\"Metro Realty brinda servicios de administraci\u00f3n de propiedades y bienes ra\u00edces comerciales en Panam\u00e1. Trabajamos duro para encontrar la propiedad que desea.\" \/>\n\t\t<meta name=\"twitter:creator\" content=\"@MetroRealtyPanama\" \/>\n\t\t<meta name=\"twitter:image\" content=\"https:\/\/www.metrorealtypanama.com\/wp-content\/uploads\/2022\/09\/logo-1x1-actualizado-fondo-copy.jpg\" \/>\n\t\t<script type=\"application\/ld+json\" class=\"aioseo-schema\">\n\t\t\t{\"@context\":\"https:\\\/\\\/schema.org\",\"@graph\":[{\"@type\":\"BreadcrumbList\",\"@id\":\"https:\\\/\\\/metrorealtypanama.com\\\/es\\\/services\\\/#breadcrumblist\",\"itemListElement\":[{\"@type\":\"ListItem\",\"@id\":\"https:\\\/\\\/metrorealtypanama.com\\\/es\\\/#listItem\",\"position\":1,\"name\":\"Home\",\"item\":\"https:\\\/\\\/metrorealtypanama.com\\\/es\\\/\",\"nextItem\":{\"@type\":\"ListItem\",\"@id\":\"https:\\\/\\\/metrorealtypanama.com\\\/es\\\/services\\\/#listItem\",\"name\":\"Nuestros servicios\"}},{\"@type\":\"ListItem\",\"@id\":\"https:\\\/\\\/metrorealtypanama.com\\\/es\\\/services\\\/#listItem\",\"position\":2,\"name\":\"Nuestros servicios\",\"previousItem\":{\"@type\":\"ListItem\",\"@id\":\"https:\\\/\\\/metrorealtypanama.com\\\/es\\\/#listItem\",\"name\":\"Home\"}}]},{\"@type\":\"Organization\",\"@id\":\"https:\\\/\\\/metrorealtypanama.com\\\/es\\\/#organization\",\"name\":\"Metro Realty Panama\",\"description\":\"Find & Sell Your Panama Real Estate Properties with Metro Realty\",\"url\":\"https:\\\/\\\/metrorealtypanama.com\\\/es\\\/\",\"email\":\"info@metrorealtypanama.com\",\"telephone\":\"+17273642591\",\"logo\":{\"@type\":\"ImageObject\",\"url\":\"https:\\\/\\\/metrorealtypanama.com\\\/wp-content\\\/uploads\\\/2023\\\/03\\\/metro-realty-panama.webp\",\"@id\":\"https:\\\/\\\/metrorealtypanama.com\\\/es\\\/services\\\/#organizationLogo\",\"width\":463,\"height\":455,\"caption\":\"metro realty panama\"},\"image\":{\"@id\":\"https:\\\/\\\/metrorealtypanama.com\\\/es\\\/services\\\/#organizationLogo\"},\"sameAs\":[\"https:\\\/\\\/facebook.com\\\/MetroRealtyPanama\",\"https:\\\/\\\/x.com\\\/MetroRealtyPanama\",\"https:\\\/\\\/instagram.com\\\/MetroRealtyPanama\",\"https:\\\/\\\/pinterest.com\\\/MetroRealtyPanama\",\"https:\\\/\\\/youtube.com\\\/MetroRealtyPanama\",\"https:\\\/\\\/linkedin.com\\\/in\\\/MetroRealtyPanama\"],\"address\":{\"@id\":\"https:\\\/\\\/metrorealtypanama.com\\\/es\\\/#postaladdress\",\"@type\":\"PostalAddress\",\"streetAddress\":\"Street Mall, 3rd floor, Office 308,\",\"addressLocality\":\"Panama City\",\"addressRegion\":\"Panama\"}},{\"@type\":\"WebPage\",\"@id\":\"https:\\\/\\\/metrorealtypanama.com\\\/es\\\/services\\\/#webpage\",\"url\":\"https:\\\/\\\/metrorealtypanama.com\\\/es\\\/services\\\/\",\"name\":\"Gesti\\u00f3n de Propiedades y Bienes Ra\\u00edces Comerciales en Panam\\u00e1\",\"description\":\"Metro Realty brinda servicios de administraci\\u00f3n de propiedades y bienes ra\\u00edces comerciales en Panam\\u00e1. Trabajamos duro para encontrar la propiedad que desea.\",\"inLanguage\":\"es-ES\",\"isPartOf\":{\"@id\":\"https:\\\/\\\/metrorealtypanama.com\\\/es\\\/#website\"},\"breadcrumb\":{\"@id\":\"https:\\\/\\\/metrorealtypanama.com\\\/es\\\/services\\\/#breadcrumblist\"},\"image\":{\"@type\":\"ImageObject\",\"url\":\"https:\\\/\\\/metrorealtypanama.com\\\/wp-content\\\/uploads\\\/2016\\\/07\\\/metrorealtypanama-foto-portada1-web.jpg\",\"@id\":\"https:\\\/\\\/metrorealtypanama.com\\\/es\\\/services\\\/#mainImage\",\"width\":1440,\"height\":960,\"caption\":\"Compra, Venta y Alquiler de Propiedades en Panam\\u00e1.\"},\"primaryImageOfPage\":{\"@id\":\"https:\\\/\\\/metrorealtypanama.com\\\/es\\\/services\\\/#mainImage\"},\"datePublished\":\"2017-06-21T11:45:28-05:00\",\"dateModified\":\"2022-02-11T07:23:54-05:00\"},{\"@type\":\"WebSite\",\"@id\":\"https:\\\/\\\/metrorealtypanama.com\\\/es\\\/#website\",\"url\":\"https:\\\/\\\/metrorealtypanama.com\\\/es\\\/\",\"name\":\"Metro Realty Panama\",\"description\":\"Find & Sell Your Panama Real Estate Properties with Metro Realty\",\"inLanguage\":\"es-ES\",\"publisher\":{\"@id\":\"https:\\\/\\\/metrorealtypanama.com\\\/es\\\/#organization\"}}]}\n\t\t<\/script>\n\t\t<script type=\"text\/javascript\">\n\t\t\t(function(c,l,a,r,i,t,y){\n\t\t\tc[a]=c[a]||function(){(c[a].q=c[a].q||[]).push(arguments)};t=l.createElement(r);t.async=1;\n\t\t\tt.src=\"https:\/\/www.clarity.ms\/tag\/\"+i+\"?ref=aioseo\";y=l.getElementsByTagName(r)[0];y.parentNode.insertBefore(t,y);\n\t\t})(window, document, \"clarity\", \"script\", \"Metro Realty\");\n\t\t<\/script>\n\t\t<!-- All in One SEO Pro -->\r\n\t\t<title>Gesti\u00f3n de Propiedades y Bienes Ra\u00edces Comerciales en Panam\u00e1<\/title>\n\n","aioseo_head_json":{"title":"Gesti\u00f3n de Propiedades y Bienes Ra\u00edces Comerciales en Panam\u00e1","description":"Metro Realty brinda servicios de administraci\u00f3n de propiedades y bienes ra\u00edces comerciales en Panam\u00e1. Trabajamos duro para encontrar la propiedad que desea.","canonical_url":"https:\/\/metrorealtypanama.com\/es\/services\/","robots":"max-image-preview:large","keywords":"","webmasterTools":{"msvalidate.01":"018CAF02C813ED25E2A2E75353082B4B","miscellaneous":""},"schema":{"@context":"https:\/\/schema.org","@graph":[{"@type":"BreadcrumbList","@id":"https:\/\/metrorealtypanama.com\/es\/services\/#breadcrumblist","itemListElement":[{"@type":"ListItem","@id":"https:\/\/metrorealtypanama.com\/es\/#listItem","position":1,"name":"Home","item":"https:\/\/metrorealtypanama.com\/es\/","nextItem":{"@type":"ListItem","@id":"https:\/\/metrorealtypanama.com\/es\/services\/#listItem","name":"Nuestros servicios"}},{"@type":"ListItem","@id":"https:\/\/metrorealtypanama.com\/es\/services\/#listItem","position":2,"name":"Nuestros servicios","previousItem":{"@type":"ListItem","@id":"https:\/\/metrorealtypanama.com\/es\/#listItem","name":"Home"}}]},{"@type":"Organization","@id":"https:\/\/metrorealtypanama.com\/es\/#organization","name":"Metro Realty Panama","description":"Find & Sell Your Panama Real Estate Properties with Metro Realty","url":"https:\/\/metrorealtypanama.com\/es\/","email":"info@metrorealtypanama.com","telephone":"+17273642591","logo":{"@type":"ImageObject","url":"https:\/\/metrorealtypanama.com\/wp-content\/uploads\/2023\/03\/metro-realty-panama.webp","@id":"https:\/\/metrorealtypanama.com\/es\/services\/#organizationLogo","width":463,"height":455,"caption":"metro realty panama"},"image":{"@id":"https:\/\/metrorealtypanama.com\/es\/services\/#organizationLogo"},"sameAs":["https:\/\/facebook.com\/MetroRealtyPanama","https:\/\/x.com\/MetroRealtyPanama","https:\/\/instagram.com\/MetroRealtyPanama","https:\/\/pinterest.com\/MetroRealtyPanama","https:\/\/youtube.com\/MetroRealtyPanama","https:\/\/linkedin.com\/in\/MetroRealtyPanama"],"address":{"@id":"https:\/\/metrorealtypanama.com\/es\/#postaladdress","@type":"PostalAddress","streetAddress":"Street Mall, 3rd floor, Office 308,","addressLocality":"Panama City","addressRegion":"Panama"}},{"@type":"WebPage","@id":"https:\/\/metrorealtypanama.com\/es\/services\/#webpage","url":"https:\/\/metrorealtypanama.com\/es\/services\/","name":"Gesti\u00f3n de Propiedades y Bienes Ra\u00edces Comerciales en Panam\u00e1","description":"Metro Realty brinda servicios de administraci\u00f3n de propiedades y bienes ra\u00edces comerciales en Panam\u00e1. Trabajamos duro para encontrar la propiedad que desea.","inLanguage":"es-ES","isPartOf":{"@id":"https:\/\/metrorealtypanama.com\/es\/#website"},"breadcrumb":{"@id":"https:\/\/metrorealtypanama.com\/es\/services\/#breadcrumblist"},"image":{"@type":"ImageObject","url":"https:\/\/metrorealtypanama.com\/wp-content\/uploads\/2016\/07\/metrorealtypanama-foto-portada1-web.jpg","@id":"https:\/\/metrorealtypanama.com\/es\/services\/#mainImage","width":1440,"height":960,"caption":"Compra, Venta y Alquiler de Propiedades en Panam\u00e1."},"primaryImageOfPage":{"@id":"https:\/\/metrorealtypanama.com\/es\/services\/#mainImage"},"datePublished":"2017-06-21T11:45:28-05:00","dateModified":"2022-02-11T07:23:54-05:00"},{"@type":"WebSite","@id":"https:\/\/metrorealtypanama.com\/es\/#website","url":"https:\/\/metrorealtypanama.com\/es\/","name":"Metro Realty Panama","description":"Find & Sell Your Panama Real Estate Properties with Metro Realty","inLanguage":"es-ES","publisher":{"@id":"https:\/\/metrorealtypanama.com\/es\/#organization"}}]},"og:locale":"es_ES","og:site_name":"Metro Realty Panama | Find &amp; Sell Your Panama Real Estate Properties with Metro Realty","og:type":"article","og:title":"Gesti\u00f3n de Propiedades y Bienes Ra\u00edces Comerciales en Panam\u00e1","og:description":"Metro Realty brinda servicios de administraci\u00f3n de propiedades y bienes ra\u00edces comerciales en Panam\u00e1. Trabajamos duro para encontrar la propiedad que desea.","og:url":"https:\/\/metrorealtypanama.com\/es\/services\/","og:image":"https:\/\/metrorealtypanama.com\/wp-content\/uploads\/2023\/03\/facebook-metro-realty-panama.webp","og:image:secure_url":"https:\/\/metrorealtypanama.com\/wp-content\/uploads\/2023\/03\/facebook-metro-realty-panama.webp","og:image:width":1246,"og:image:height":1251,"article:published_time":"2017-06-21T16:45:28+00:00","article:modified_time":"2022-02-11T12:23:54+00:00","article:publisher":"https:\/\/facebook.com\/MetroRealtyPanama","twitter:card":"summary","twitter:site":"@MetroRealtyPanama","twitter:title":"Gesti\u00f3n de Propiedades y Bienes Ra\u00edces Comerciales en Panam\u00e1","twitter:description":"Metro Realty brinda servicios de administraci\u00f3n de propiedades y bienes ra\u00edces comerciales en Panam\u00e1. Trabajamos duro para encontrar la propiedad que desea.","twitter:creator":"@MetroRealtyPanama","twitter:image":"https:\/\/www.metrorealtypanama.com\/wp-content\/uploads\/2022\/09\/logo-1x1-actualizado-fondo-copy.jpg"},"aioseo_meta_data":{"post_id":"3926","title":"Gesti\u00f3n de Propiedades y Bienes Ra\u00edces Comerciales en Panam\u00e1","description":"Metro Realty brinda servicios de administraci\u00f3n de propiedades y bienes ra\u00edces comerciales en Panam\u00e1. Trabajamos duro para encontrar la propiedad que desea.","keywords":[],"keyphrases":{"focus":{"keyphrase":"Gesti\u00f3n de Propiedades","score":61,"analysis":{"keyphraseInTitle":{"title":"Focus keyphrase in SEO title","description":"Focus keyphrase found in SEO title.","score":9,"maxScore":9,"error":0},"keyphraseInDescription":{"title":"Focus keyphrase in meta description","description":"Focus keyphrase not found in meta description.","score":3,"maxScore":9,"error":1},"keyphraseInURL":{"title":"Focus keyphrase in URL","description":"Focus keyphrase not found in the URL.","score":1,"maxScore":5,"error":1},"keyphraseLength":{"title":"Focus keyphrase length","description":"Good job!","score":9,"maxScore":9,"error":0,"length":3},"keyphraseInIntroduction":{"title":"Focus keyphrase in introduction","description":"Your Focus keyphrase does not appear in the first paragraph. Make sure the topic is clear immediately.","score":3,"maxScore":9,"error":1},"keyphraseInSubHeadings":[],"keyphraseInImageAlt":[]}},"additional":[]},"primary_term":null,"canonical_url":null,"og_title":null,"og_description":null,"og_object_type":"default","og_image_type":"default","og_image_url":null,"og_image_width":null,"og_image_height":null,"og_image_custom_url":null,"og_image_custom_fields":null,"og_video":"","og_custom_url":null,"og_article_section":null,"og_article_tags":[],"twitter_use_og":false,"twitter_card":"default","twitter_image_type":"default","twitter_image_url":null,"twitter_image_custom_url":null,"twitter_image_custom_fields":null,"twitter_title":null,"twitter_description":null,"schema":{"blockGraphs":[],"customGraphs":[],"default":{"data":{"Article":[],"Course":[],"Dataset":[],"FAQPage":[],"Movie":[],"Person":[],"Product":[],"ProductReview":[],"Car":[],"Recipe":[],"Service":[],"SoftwareApplication":[],"WebPage":[]},"graphName":"","isEnabled":true},"graphs":[],"defaultGraph":"WebPage","defaultPostTypeGraph":""},"schema_type":"default","schema_type_options":"{\"article\":{\"articleType\":\"BlogPosting\"},\"course\":{\"name\":\"\",\"description\":\"\",\"provider\":\"\"},\"faq\":{\"pages\":[]},\"product\":{\"reviews\":[]},\"recipe\":{\"ingredients\":[],\"instructions\":[],\"keywords\":[]},\"software\":{\"reviews\":[],\"operatingSystems\":[]},\"webPage\":{\"webPageType\":\"WebPage\"}}","pillar_content":false,"robots_default":true,"robots_noindex":false,"robots_noarchive":false,"robots_nosnippet":false,"robots_nofollow":false,"robots_noimageindex":false,"robots_noodp":false,"robots_notranslate":false,"robots_max_snippet":"-1","robots_max_videopreview":"-1","robots_max_imagepreview":"large","priority":null,"frequency":"default","local_seo":null,"seo_analyzer_scan_date":"2025-10-16 20:58:26","breadcrumb_settings":null,"limit_modified_date":false,"reviewed_by":null,"open_ai":null,"ai":null,"created":"2021-09-21 05:06:46","updated":"2025-10-20 17:19:12"},"aioseo_breadcrumb":"<div class=\"aioseo-breadcrumbs\"><span class=\"aioseo-breadcrumb\">\n\t<a href=\"https:\/\/metrorealtypanama.com\/es\/\" title=\"Home\">Home<\/a>\n<\/span><span class=\"aioseo-breadcrumb-separator\">&raquo;<\/span><span class=\"aioseo-breadcrumb\">\n\tNuestros servicios\n<\/span><\/div>","aioseo_breadcrumb_json":[{"label":"Home","link":"https:\/\/metrorealtypanama.com\/es\/"},{"label":"Nuestros servicios","link":"https:\/\/metrorealtypanama.com\/es\/services\/"}],"_links":{"self":[{"href":"https:\/\/metrorealtypanama.com\/es\/wp-json\/wp\/v2\/pages\/3926","targetHints":{"allow":["GET"]}}],"collection":[{"href":"https:\/\/metrorealtypanama.com\/es\/wp-json\/wp\/v2\/pages"}],"about":[{"href":"https:\/\/metrorealtypanama.com\/es\/wp-json\/wp\/v2\/types\/page"}],"author":[{"embeddable":true,"href":"https:\/\/metrorealtypanama.com\/es\/wp-json\/wp\/v2\/users\/31"}],"replies":[{"embeddable":true,"href":"https:\/\/metrorealtypanama.com\/es\/wp-json\/wp\/v2\/comments?post=3926"}],"version-history":[{"count":2,"href":"https:\/\/metrorealtypanama.com\/es\/wp-json\/wp\/v2\/pages\/3926\/revisions"}],"predecessor-version":[{"id":39451,"href":"https:\/\/metrorealtypanama.com\/es\/wp-json\/wp\/v2\/pages\/3926\/revisions\/39451"}],"wp:featuredmedia":[{"embeddable":true,"href":"https:\/\/metrorealtypanama.com\/es\/wp-json\/wp\/v2\/media\/980"}],"wp:attachment":[{"href":"https:\/\/metrorealtypanama.com\/es\/wp-json\/wp\/v2\/media?parent=3926"}],"curies":[{"name":"wp","href":"https:\/\/api.w.org\/{rel}","templated":true}]}}