
{"id":3911,"date":"2017-06-22T11:01:08","date_gmt":"2017-06-22T16:01:08","guid":{"rendered":"http:\/\/metrorealtypanama.com\/about-us\/metro-realty-panama\/"},"modified":"2022-04-29T04:58:02","modified_gmt":"2022-04-29T09:58:02","slug":"metro-realty-panama","status":"publish","type":"page","link":"https:\/\/metrorealtypanama.com\/es\/metro-realty-panama\/","title":{"rendered":"Metro Realty Panama"},"content":{"rendered":"\t\t<div data-elementor-type=\"wp-page\" data-elementor-id=\"3911\" class=\"elementor elementor-3911\" data-elementor-post-type=\"page\">\n\t\t\t\t\t\t<section class=\"elementor-section elementor-top-section elementor-element elementor-element-9a018c5 elementor-section-boxed elementor-section-height-default elementor-section-height-default\" data-id=\"9a018c5\" data-element_type=\"section\" data-e-type=\"section\">\n\t\t\t\t\t\t<div class=\"elementor-container elementor-column-gap-default\">\n\t\t\t\t\t<div class=\"elementor-column elementor-col-100 elementor-top-column elementor-element elementor-element-1b7fc62a\" data-id=\"1b7fc62a\" data-element_type=\"column\" data-e-type=\"column\">\n\t\t\t<div class=\"elementor-widget-wrap elementor-element-populated\">\n\t\t\t\t\t\t<div class=\"elementor-element elementor-element-2ed27b1 elementor-widget elementor-widget-text-editor\" data-id=\"2ed27b1\" data-element_type=\"widget\" data-e-type=\"widget\" data-widget_type=\"text-editor.default\">\n\t\t\t\t<div class=\"elementor-widget-container\">\n\t\t\t\t\t\t\t\t\t<p>Metro Realty Panam\u00e1, nace en el a\u00f1o 2007 cuando su fundador Alexander Barrelier ve en el mercado la necesidad de brindar accesoria honesta, confiable y actualizada con los m\u00e1s altos est\u00e1ndares de calidad en los servicios que la empresa ofrece.<\/p><p>Desde sus inicios Metro Realty, ha colaborado con m\u00faltiples empresas de bienes y ra\u00edces locales como internacionales, desarrolladores, clientes e inversionistas, para satisfacer las necesidades de estos, en materia de adquisici\u00f3n de propiedades de ciudad tanto para inversi\u00f3n como para vivienda familiar, propiedades de inversi\u00f3n para desarrollo de proyectos, adquisici\u00f3n de propiedades que generen renta, adquisici\u00f3n de negocios en operaci\u00f3n.<\/p><p>En muchas de nuestras operaciones, fuimos desde conceptualizar la idea de negocios, la b\u00fasqueda del terreno donde desarrollarla, asesor\u00eda en el desarrollo y comercializaci\u00f3n de los proyectos.<\/p><p>Hemos participado en m\u00e1s de quinientas operaciones de bienes y ra\u00edces, sean estos alquileres, compra-venta de propiedades tanto comerciales como residenciales.<\/p><p>Contamos con licencia jur\u00eddica emitida por el Ministerio de Comercio e Industria de Panam\u00e1, regulado por la Junta T\u00e9cnica de Bienes y Ra\u00edces, licencia PJ0943.<\/p><p>Nuestro equipo conformado por profesionales paname\u00f1os y extranjeros con altos conocimientos en econom\u00eda, finanzas, banca, leyes y del mercado inmobiliario tanto paname\u00f1o como internacional, nos posiciona como una empresasa lider en asesoramiento en materia de inversion inmobiliaria en Panam\u00e1.<\/p><p>Lo mas emocionante para nosotros es conocer un cliente, convertirnos en su asesor y terminar ganando una amistad.<\/p><p>Converse con nuestros expertos antes de tomar una decisi\u00f3n de inversi\u00f3n.<\/p><h1 class=\"p1\" style=\"margin-bottom: 5px; text-align: center;\">Metro Realty Panama Profesionales en Bienes y Ra\u00edces<\/h1><p style=\"text-align: center;\">Permitanos asesorarle en la compra de su futura propiedad en Panam\u00e1<\/p><h2 style=\"text-align: center;\">Nuestros Valores<\/h2><h3 style=\"text-align: center;\">Honestidad<\/h3><p>Respetamos los derechos de nuestros colegas, competidores, clientes y siempre somos transparentes y \u00e9ticos.<\/p><p><strong>\u00a0<\/strong><\/p><h3 style=\"text-align: center;\"><strong>Nuetra Cultura Orientada al Servicio<\/strong><\/h3><p>Siempre emocionados y diligentes, trabajamos duro para ayudar a nuestros clientes a alcanzar sus metas y construir relaciones duraderas con ellos.<\/p><p style=\"text-align: center;\"><strong>Integridad<\/strong><\/p><p>Nuestro mayor compromiso es la lealtad a nuestros clientes y pr\u00e1cticas comerciales \u00e9ticas que beneficien a todas las partes involucradas.<\/p><p style=\"text-align: center;\"><strong>Excelencia<\/strong><\/p><p>Estamos dedicados a garantizar que nuestros clientes y colegas se vayan satisfechos con el resultado de nuestra colaboraci\u00f3n.<\/p>\t\t\t\t\t\t\t\t<\/div>\n\t\t\t\t<\/div>\n\t\t\t\t\t<\/div>\n\t\t<\/div>\n\t\t\t\t\t<\/div>\n\t\t<\/section>\n\t\t\t\t<\/div>\n\t\t","protected":false},"excerpt":{"rendered":"<p>Metro Realty Panam\u00e1, nace en el a\u00f1o 2007 cuando su fundador Alexander Barrelier ve en el mercado la necesidad de brindar accesoria honesta, confiable y actualizada con los m\u00e1s altos est\u00e1ndares de calidad en los servicios que la empresa ofrece. Desde sus inicios Metro Realty, ha colaborado con m\u00faltiples empresas de bienes y ra\u00edces locales [&hellip;]<\/p>\n","protected":false},"author":31,"featured_media":0,"parent":0,"menu_order":0,"comment_status":"closed","ping_status":"closed","template":"template\/template-homepage.php","meta":{"_acf_changed":false,"footnotes":""},"class_list":["post-3911","page","type-page","status-publish","hentry"],"acf":[],"aioseo_notices":[],"aioseo_head":"\n\t\t<!-- All in One SEO Pro 4.9.5.2 - aioseo.com -->\n\t<meta name=\"description\" content=\"Hemos participado en m\u00e1s de 500 transacciones inmobiliarias, desde alquileres hasta la compra y venta de propiedades comerciales y residenciales.\" \/>\n\t<meta name=\"robots\" content=\"max-image-preview:large\" \/>\n\t<meta name=\"msvalidate.01\" content=\"018CAF02C813ED25E2A2E75353082B4B\" \/>\n\t<link rel=\"canonical\" href=\"https:\/\/metrorealtypanama.com\/es\/metro-realty-panama\/\" \/>\n\t<meta name=\"generator\" content=\"All in One SEO Pro (AIOSEO) 4.9.5.2\" \/>\n\t\t<meta property=\"og:locale\" content=\"es_ES\" \/>\n\t\t<meta property=\"og:site_name\" content=\"Metro Realty Panama | Find &amp; Sell Your Panama Real Estate Properties with Metro Realty\" \/>\n\t\t<meta property=\"og:type\" content=\"article\" \/>\n\t\t<meta property=\"og:title\" content=\"Condominios Inmobiliarios | Venta De Inmuebles En Panama\" \/>\n\t\t<meta property=\"og:description\" content=\"Hemos participado en m\u00e1s de 500 transacciones inmobiliarias, desde alquileres hasta la compra y venta de propiedades comerciales y residenciales.\" \/>\n\t\t<meta property=\"og:url\" content=\"https:\/\/metrorealtypanama.com\/es\/metro-realty-panama\/\" \/>\n\t\t<meta property=\"og:image\" content=\"https:\/\/metrorealtypanama.com\/wp-content\/uploads\/2023\/03\/facebook-metro-realty-panama.webp\" \/>\n\t\t<meta property=\"og:image:secure_url\" content=\"https:\/\/metrorealtypanama.com\/wp-content\/uploads\/2023\/03\/facebook-metro-realty-panama.webp\" \/>\n\t\t<meta property=\"og:image:width\" content=\"1246\" \/>\n\t\t<meta property=\"og:image:height\" content=\"1251\" \/>\n\t\t<meta property=\"article:published_time\" content=\"2017-06-22T16:01:08+00:00\" \/>\n\t\t<meta property=\"article:modified_time\" content=\"2022-04-29T09:58:02+00:00\" \/>\n\t\t<meta property=\"article:publisher\" content=\"https:\/\/facebook.com\/MetroRealtyPanama\" \/>\n\t\t<meta name=\"twitter:card\" content=\"summary\" \/>\n\t\t<meta name=\"twitter:site\" content=\"@MetroRealtyPanama\" \/>\n\t\t<meta name=\"twitter:title\" content=\"Condominios Inmobiliarios | Venta De Inmuebles En Panama\" \/>\n\t\t<meta name=\"twitter:description\" content=\"Hemos participado en m\u00e1s de 500 transacciones inmobiliarias, desde alquileres hasta la compra y venta de propiedades comerciales y residenciales.\" \/>\n\t\t<meta name=\"twitter:creator\" content=\"@MetroRealtyPanama\" \/>\n\t\t<meta name=\"twitter:image\" content=\"https:\/\/www.metrorealtypanama.com\/wp-content\/uploads\/2022\/09\/logo-1x1-actualizado-fondo-copy.jpg\" \/>\n\t\t<script type=\"application\/ld+json\" class=\"aioseo-schema\">\n\t\t\t{\"@context\":\"https:\\\/\\\/schema.org\",\"@graph\":[{\"@type\":\"AboutPage\",\"@id\":\"https:\\\/\\\/metrorealtypanama.com\\\/es\\\/metro-realty-panama\\\/#aboutpage\",\"url\":\"https:\\\/\\\/metrorealtypanama.com\\\/es\\\/metro-realty-panama\\\/\",\"name\":\"Condominios Inmobiliarios | Venta De Inmuebles En Panama\",\"description\":\"Hemos participado en m\\u00e1s de 500 transacciones inmobiliarias, desde alquileres hasta la compra y venta de propiedades comerciales y residenciales.\",\"inLanguage\":\"es-ES\",\"isPartOf\":{\"@id\":\"https:\\\/\\\/metrorealtypanama.com\\\/es\\\/#website\"},\"breadcrumb\":{\"@id\":\"https:\\\/\\\/metrorealtypanama.com\\\/es\\\/metro-realty-panama\\\/#breadcrumblist\"},\"datePublished\":\"2017-06-22T11:01:08-05:00\",\"dateModified\":\"2022-04-29T04:58:02-05:00\"},{\"@type\":\"BreadcrumbList\",\"@id\":\"https:\\\/\\\/metrorealtypanama.com\\\/es\\\/metro-realty-panama\\\/#breadcrumblist\",\"itemListElement\":[{\"@type\":\"ListItem\",\"@id\":\"https:\\\/\\\/metrorealtypanama.com\\\/es\\\/#listItem\",\"position\":1,\"name\":\"Home\",\"item\":\"https:\\\/\\\/metrorealtypanama.com\\\/es\\\/\",\"nextItem\":{\"@type\":\"ListItem\",\"@id\":\"https:\\\/\\\/metrorealtypanama.com\\\/es\\\/metro-realty-panama\\\/#listItem\",\"name\":\"Metro Realty Panama\"}},{\"@type\":\"ListItem\",\"@id\":\"https:\\\/\\\/metrorealtypanama.com\\\/es\\\/metro-realty-panama\\\/#listItem\",\"position\":2,\"name\":\"Metro Realty Panama\",\"previousItem\":{\"@type\":\"ListItem\",\"@id\":\"https:\\\/\\\/metrorealtypanama.com\\\/es\\\/#listItem\",\"name\":\"Home\"}}]},{\"@type\":\"Organization\",\"@id\":\"https:\\\/\\\/metrorealtypanama.com\\\/es\\\/#organization\",\"name\":\"Metro Realty Panama\",\"description\":\"Find & Sell Your Panama Real Estate Properties with Metro Realty\",\"url\":\"https:\\\/\\\/metrorealtypanama.com\\\/es\\\/\",\"email\":\"info@metrorealtypanama.com\",\"telephone\":\"+17273642591\",\"logo\":{\"@type\":\"ImageObject\",\"url\":\"https:\\\/\\\/metrorealtypanama.com\\\/wp-content\\\/uploads\\\/2023\\\/03\\\/metro-realty-panama.webp\",\"@id\":\"https:\\\/\\\/metrorealtypanama.com\\\/es\\\/metro-realty-panama\\\/#organizationLogo\",\"width\":463,\"height\":455,\"caption\":\"metro realty panama\"},\"image\":{\"@id\":\"https:\\\/\\\/metrorealtypanama.com\\\/es\\\/metro-realty-panama\\\/#organizationLogo\"},\"sameAs\":[\"https:\\\/\\\/facebook.com\\\/MetroRealtyPanama\",\"https:\\\/\\\/x.com\\\/MetroRealtyPanama\",\"https:\\\/\\\/instagram.com\\\/MetroRealtyPanama\",\"https:\\\/\\\/pinterest.com\\\/MetroRealtyPanama\",\"https:\\\/\\\/youtube.com\\\/MetroRealtyPanama\",\"https:\\\/\\\/linkedin.com\\\/in\\\/MetroRealtyPanama\"],\"address\":{\"@id\":\"https:\\\/\\\/metrorealtypanama.com\\\/es\\\/#postaladdress\",\"@type\":\"PostalAddress\",\"streetAddress\":\"Street Mall, 3rd floor, Office 308,\",\"addressLocality\":\"Panama City\",\"addressRegion\":\"Panama\"}},{\"@type\":\"WebPage\",\"@id\":\"https:\\\/\\\/metrorealtypanama.com\\\/es\\\/metro-realty-panama\\\/#webpage\",\"url\":\"https:\\\/\\\/metrorealtypanama.com\\\/es\\\/metro-realty-panama\\\/\",\"name\":\"Condominios Inmobiliarios | Venta De Inmuebles En Panama\",\"description\":\"Hemos participado en m\\u00e1s de 500 transacciones inmobiliarias, desde alquileres hasta la compra y venta de propiedades comerciales y residenciales.\",\"inLanguage\":\"es-ES\",\"isPartOf\":{\"@id\":\"https:\\\/\\\/metrorealtypanama.com\\\/es\\\/#website\"},\"breadcrumb\":{\"@id\":\"https:\\\/\\\/metrorealtypanama.com\\\/es\\\/metro-realty-panama\\\/#breadcrumblist\"},\"datePublished\":\"2017-06-22T11:01:08-05:00\",\"dateModified\":\"2022-04-29T04:58:02-05:00\"},{\"@type\":\"WebSite\",\"@id\":\"https:\\\/\\\/metrorealtypanama.com\\\/es\\\/#website\",\"url\":\"https:\\\/\\\/metrorealtypanama.com\\\/es\\\/\",\"name\":\"Metro Realty Panama\",\"description\":\"Find & Sell Your Panama Real Estate Properties with Metro Realty\",\"inLanguage\":\"es-ES\",\"publisher\":{\"@id\":\"https:\\\/\\\/metrorealtypanama.com\\\/es\\\/#organization\"}}]}\n\t\t<\/script>\n\t\t<script type=\"text\/javascript\">\n\t\t\t(function(c,l,a,r,i,t,y){\n\t\t\tc[a]=c[a]||function(){(c[a].q=c[a].q||[]).push(arguments)};t=l.createElement(r);t.async=1;\n\t\t\tt.src=\"https:\/\/www.clarity.ms\/tag\/\"+i+\"?ref=aioseo\";y=l.getElementsByTagName(r)[0];y.parentNode.insertBefore(t,y);\n\t\t})(window, document, \"clarity\", \"script\", \"Metro Realty\");\n\t\t<\/script>\n\t\t<!-- All in One SEO Pro -->\r\n\t\t<title>Condominios Inmobiliarios | Venta De Inmuebles En Panama<\/title>\n\n","aioseo_head_json":{"title":"Condominios Inmobiliarios | Venta De Inmuebles En Panama","description":"Hemos participado en m\u00e1s de 500 transacciones inmobiliarias, desde alquileres hasta la compra y venta de propiedades comerciales y residenciales.","canonical_url":"https:\/\/metrorealtypanama.com\/es\/metro-realty-panama\/","robots":"max-image-preview:large","keywords":"","webmasterTools":{"msvalidate.01":"018CAF02C813ED25E2A2E75353082B4B","miscellaneous":""},"schema":{"@context":"https:\/\/schema.org","@graph":[{"@type":"AboutPage","@id":"https:\/\/metrorealtypanama.com\/es\/metro-realty-panama\/#aboutpage","url":"https:\/\/metrorealtypanama.com\/es\/metro-realty-panama\/","name":"Condominios Inmobiliarios | Venta De Inmuebles En Panama","description":"Hemos participado en m\u00e1s de 500 transacciones inmobiliarias, desde alquileres hasta la compra y venta de propiedades comerciales y residenciales.","inLanguage":"es-ES","isPartOf":{"@id":"https:\/\/metrorealtypanama.com\/es\/#website"},"breadcrumb":{"@id":"https:\/\/metrorealtypanama.com\/es\/metro-realty-panama\/#breadcrumblist"},"datePublished":"2017-06-22T11:01:08-05:00","dateModified":"2022-04-29T04:58:02-05:00"},{"@type":"BreadcrumbList","@id":"https:\/\/metrorealtypanama.com\/es\/metro-realty-panama\/#breadcrumblist","itemListElement":[{"@type":"ListItem","@id":"https:\/\/metrorealtypanama.com\/es\/#listItem","position":1,"name":"Home","item":"https:\/\/metrorealtypanama.com\/es\/","nextItem":{"@type":"ListItem","@id":"https:\/\/metrorealtypanama.com\/es\/metro-realty-panama\/#listItem","name":"Metro Realty Panama"}},{"@type":"ListItem","@id":"https:\/\/metrorealtypanama.com\/es\/metro-realty-panama\/#listItem","position":2,"name":"Metro Realty Panama","previousItem":{"@type":"ListItem","@id":"https:\/\/metrorealtypanama.com\/es\/#listItem","name":"Home"}}]},{"@type":"Organization","@id":"https:\/\/metrorealtypanama.com\/es\/#organization","name":"Metro Realty Panama","description":"Find & Sell Your Panama Real Estate Properties with Metro Realty","url":"https:\/\/metrorealtypanama.com\/es\/","email":"info@metrorealtypanama.com","telephone":"+17273642591","logo":{"@type":"ImageObject","url":"https:\/\/metrorealtypanama.com\/wp-content\/uploads\/2023\/03\/metro-realty-panama.webp","@id":"https:\/\/metrorealtypanama.com\/es\/metro-realty-panama\/#organizationLogo","width":463,"height":455,"caption":"metro realty panama"},"image":{"@id":"https:\/\/metrorealtypanama.com\/es\/metro-realty-panama\/#organizationLogo"},"sameAs":["https:\/\/facebook.com\/MetroRealtyPanama","https:\/\/x.com\/MetroRealtyPanama","https:\/\/instagram.com\/MetroRealtyPanama","https:\/\/pinterest.com\/MetroRealtyPanama","https:\/\/youtube.com\/MetroRealtyPanama","https:\/\/linkedin.com\/in\/MetroRealtyPanama"],"address":{"@id":"https:\/\/metrorealtypanama.com\/es\/#postaladdress","@type":"PostalAddress","streetAddress":"Street Mall, 3rd floor, Office 308,","addressLocality":"Panama City","addressRegion":"Panama"}},{"@type":"WebPage","@id":"https:\/\/metrorealtypanama.com\/es\/metro-realty-panama\/#webpage","url":"https:\/\/metrorealtypanama.com\/es\/metro-realty-panama\/","name":"Condominios Inmobiliarios | Venta De Inmuebles En Panama","description":"Hemos participado en m\u00e1s de 500 transacciones inmobiliarias, desde alquileres hasta la compra y venta de propiedades comerciales y residenciales.","inLanguage":"es-ES","isPartOf":{"@id":"https:\/\/metrorealtypanama.com\/es\/#website"},"breadcrumb":{"@id":"https:\/\/metrorealtypanama.com\/es\/metro-realty-panama\/#breadcrumblist"},"datePublished":"2017-06-22T11:01:08-05:00","dateModified":"2022-04-29T04:58:02-05:00"},{"@type":"WebSite","@id":"https:\/\/metrorealtypanama.com\/es\/#website","url":"https:\/\/metrorealtypanama.com\/es\/","name":"Metro Realty Panama","description":"Find & Sell Your Panama Real Estate Properties with Metro Realty","inLanguage":"es-ES","publisher":{"@id":"https:\/\/metrorealtypanama.com\/es\/#organization"}}]},"og:locale":"es_ES","og:site_name":"Metro Realty Panama | Find &amp; Sell Your Panama Real Estate Properties with Metro Realty","og:type":"article","og:title":"Condominios Inmobiliarios | Venta De Inmuebles En Panama","og:description":"Hemos participado en m\u00e1s de 500 transacciones inmobiliarias, desde alquileres hasta la compra y venta de propiedades comerciales y residenciales.","og:url":"https:\/\/metrorealtypanama.com\/es\/metro-realty-panama\/","og:image":"https:\/\/metrorealtypanama.com\/wp-content\/uploads\/2023\/03\/facebook-metro-realty-panama.webp","og:image:secure_url":"https:\/\/metrorealtypanama.com\/wp-content\/uploads\/2023\/03\/facebook-metro-realty-panama.webp","og:image:width":1246,"og:image:height":1251,"article:published_time":"2017-06-22T16:01:08+00:00","article:modified_time":"2022-04-29T09:58:02+00:00","article:publisher":"https:\/\/facebook.com\/MetroRealtyPanama","twitter:card":"summary","twitter:site":"@MetroRealtyPanama","twitter:title":"Condominios Inmobiliarios | Venta De Inmuebles En Panama","twitter:description":"Hemos participado en m\u00e1s de 500 transacciones inmobiliarias, desde alquileres hasta la compra y venta de propiedades comerciales y residenciales.","twitter:creator":"@MetroRealtyPanama","twitter:image":"https:\/\/www.metrorealtypanama.com\/wp-content\/uploads\/2022\/09\/logo-1x1-actualizado-fondo-copy.jpg"},"aioseo_meta_data":{"post_id":"3911","title":"Condominios Inmobiliarios | Venta De Inmuebles En Panama","description":"Hemos participado en m\u00e1s de 500 transacciones inmobiliarias, desde alquileres hasta la compra y venta de propiedades comerciales y residenciales.","keywords":[],"keyphrases":{"focus":{"keyphrase":"Condominios Inmobiliarios","score":56,"analysis":{"keyphraseInTitle":{"title":"Focus Keyphrase in SEO title","description":"Focus Keyphrase found in SEO title.","score":9,"maxScore":9,"error":0},"keyphraseInDescription":{"title":"Focus keyphrase in meta description","description":"Focus keyphrase not found in meta description.","score":3,"maxScore":9,"error":1},"keyphraseInURL":{"title":"Focus Keyphrase in URL","description":"Focus Keyphrase not found in the URL.","score":1,"maxScore":5,"error":1},"keyphraseLength":{"title":"Focus keyphrase length","description":"Good job!","score":9,"maxScore":9,"error":0,"length":2},"keyphraseInIntroduction":{"title":"Focus keyphrase in introduction","description":"Your Focus keyphrase does not appear in the first paragraph. Make sure the topic is clear immediately.","score":3,"maxScore":9,"error":1},"keyphraseInSubHeadings":{"title":"Focus Keyphrase in Subheadings","description":"Use your focus keyphrase more in your H2 and H3 subheadings.","score":3,"maxScore":9,"error":1},"keyphraseInImageAlt":[]}},"additional":[]},"primary_term":null,"canonical_url":null,"og_title":null,"og_description":null,"og_object_type":"default","og_image_type":"default","og_image_url":null,"og_image_width":null,"og_image_height":null,"og_image_custom_url":null,"og_image_custom_fields":null,"og_video":"","og_custom_url":null,"og_article_section":null,"og_article_tags":[],"twitter_use_og":false,"twitter_card":"default","twitter_image_type":"default","twitter_image_url":null,"twitter_image_custom_url":null,"twitter_image_custom_fields":null,"twitter_title":null,"twitter_description":null,"schema":{"blockGraphs":[],"customGraphs":[],"default":{"data":{"Article":[],"Course":[],"Dataset":[],"FAQPage":[],"Movie":[],"Person":[],"Product":[],"ProductReview":[],"Car":[],"Recipe":[],"Service":[],"SoftwareApplication":[],"WebPage":[]},"graphName":"WebPage","isEnabled":true},"graphs":[{"id":"#aioseo-web-page-6321785258633","slug":"web-page","graphName":"WebPage","label":"Web Page","properties":{"type":"AboutPage","name":"","description":""}}],"defaultGraph":"","defaultPostTypeGraph":""},"schema_type":"WebPage","schema_type_options":"{\"article\":{\"articleType\":\"BlogPosting\"},\"course\":{\"name\":\"\",\"description\":\"\",\"provider\":\"\"},\"faq\":{\"pages\":[]},\"product\":{\"reviews\":[]},\"recipe\":{\"ingredients\":[],\"instructions\":[],\"keywords\":[]},\"software\":{\"reviews\":[],\"operatingSystems\":[]},\"webPage\":{\"webPageType\":\"AboutPage\"}}","pillar_content":false,"robots_default":true,"robots_noindex":false,"robots_noarchive":false,"robots_nosnippet":false,"robots_nofollow":false,"robots_noimageindex":false,"robots_noodp":false,"robots_notranslate":false,"robots_max_snippet":"-1","robots_max_videopreview":"-1","robots_max_imagepreview":"large","priority":null,"frequency":"default","local_seo":null,"seo_analyzer_scan_date":"2025-10-16 21:03:27","breadcrumb_settings":null,"limit_modified_date":false,"reviewed_by":null,"open_ai":null,"ai":null,"created":"2021-09-21 05:08:38","updated":"2026-04-04 14:17:30"},"aioseo_breadcrumb":"<div class=\"aioseo-breadcrumbs\"><span class=\"aioseo-breadcrumb\">\n\t<a href=\"https:\/\/metrorealtypanama.com\/es\/\" title=\"Home\">Home<\/a>\n<\/span><span class=\"aioseo-breadcrumb-separator\">&raquo;<\/span><span class=\"aioseo-breadcrumb\">\n\tMetro Realty Panama\n<\/span><\/div>","aioseo_breadcrumb_json":[{"label":"Home","link":"https:\/\/metrorealtypanama.com\/es\/"},{"label":"Metro Realty Panama","link":"https:\/\/metrorealtypanama.com\/es\/metro-realty-panama\/"}],"_links":{"self":[{"href":"https:\/\/metrorealtypanama.com\/es\/wp-json\/wp\/v2\/pages\/3911","targetHints":{"allow":["GET"]}}],"collection":[{"href":"https:\/\/metrorealtypanama.com\/es\/wp-json\/wp\/v2\/pages"}],"about":[{"href":"https:\/\/metrorealtypanama.com\/es\/wp-json\/wp\/v2\/types\/page"}],"author":[{"embeddable":true,"href":"https:\/\/metrorealtypanama.com\/es\/wp-json\/wp\/v2\/users\/31"}],"replies":[{"embeddable":true,"href":"https:\/\/metrorealtypanama.com\/es\/wp-json\/wp\/v2\/comments?post=3911"}],"version-history":[{"count":6,"href":"https:\/\/metrorealtypanama.com\/es\/wp-json\/wp\/v2\/pages\/3911\/revisions"}],"predecessor-version":[{"id":43852,"href":"https:\/\/metrorealtypanama.com\/es\/wp-json\/wp\/v2\/pages\/3911\/revisions\/43852"}],"wp:attachment":[{"href":"https:\/\/metrorealtypanama.com\/es\/wp-json\/wp\/v2\/media?parent=3911"}],"curies":[{"name":"wp","href":"https:\/\/api.w.org\/{rel}","templated":true}]}}