
{"id":3253,"date":"2016-03-16T19:50:28","date_gmt":"2016-03-16T19:50:28","guid":{"rendered":"http:\/\/metrorealtypanama.com\/contact\/"},"modified":"2025-09-22T12:15:13","modified_gmt":"2025-09-22T17:15:13","slug":"contact","status":"publish","type":"page","link":"https:\/\/metrorealtypanama.com\/es\/contact\/","title":{"rendered":"Cont\u00e1ctenos"},"content":{"rendered":"\t\t<div data-elementor-type=\"wp-page\" data-elementor-id=\"3253\" class=\"elementor elementor-3253\" data-elementor-post-type=\"page\">\n\t\t\t\t\t\t<section class=\"elementor-section elementor-top-section elementor-element elementor-element-a992196 elementor-section-boxed elementor-section-height-default elementor-section-height-default\" data-id=\"a992196\" data-element_type=\"section\" data-e-type=\"section\">\n\t\t\t\t\t\t<div class=\"elementor-container elementor-column-gap-default\">\n\t\t\t\t\t<div class=\"elementor-column elementor-col-33 elementor-top-column elementor-element elementor-element-e71c75f\" data-id=\"e71c75f\" data-element_type=\"column\" data-e-type=\"column\" data-settings=\"{&quot;background_background&quot;:&quot;classic&quot;}\">\n\t\t\t<div class=\"elementor-widget-wrap elementor-element-populated\">\n\t\t\t\t\t\t<div class=\"elementor-element elementor-element-c4dda68 elementor-widget elementor-widget-elementskit-contact-form7\" data-id=\"c4dda68\" data-element_type=\"widget\" data-e-type=\"widget\" data-widget_type=\"elementskit-contact-form7.default\">\n\t\t\t\t<div class=\"elementor-widget-container\">\n\t\t\t\t\t<div class=\"ekit-wid-con\" ><div class=\"ekit-form\">\n<div class=\"wpcf7 no-js\" id=\"wpcf7-f74157-o1\" lang=\"es-ES\" dir=\"ltr\" data-wpcf7-id=\"74157\">\n<div class=\"screen-reader-response\"><p role=\"status\" aria-live=\"polite\" aria-atomic=\"true\"><\/p> <ul><\/ul><\/div>\n<form action=\"\/es\/wp-json\/wp\/v2\/pages\/3253#wpcf7-f74157-o1\" method=\"post\" class=\"wpcf7-form init\" aria-label=\"Formulario de contacto\" novalidate=\"novalidate\" data-status=\"init\">\n<fieldset class=\"hidden-fields-container\"><input type=\"hidden\" name=\"_wpcf7\" value=\"74157\" \/><input type=\"hidden\" name=\"_wpcf7_version\" value=\"6.1.5\" \/><input type=\"hidden\" name=\"_wpcf7_locale\" value=\"es_ES\" \/><input type=\"hidden\" name=\"_wpcf7_unit_tag\" value=\"wpcf7-f74157-o1\" \/><input type=\"hidden\" name=\"_wpcf7_container_post\" value=\"0\" \/><input type=\"hidden\" name=\"_wpcf7_posted_data_hash\" value=\"\" \/><input type=\"hidden\" name=\"_wpcf7_recaptcha_response\" value=\"\" \/>\n<\/fieldset>\n<p><label> First Name<br \/>\n<span class=\"wpcf7-form-control-wrap\" data-name=\"your-name\"><input size=\"40\" maxlength=\"400\" class=\"wpcf7-form-control wpcf7-text wpcf7-validates-as-required\" aria-required=\"true\" aria-invalid=\"false\" placeholder=\"Required\" value=\"\" type=\"text\" name=\"your-name\" \/><\/span> <\/label>\n<\/p>\n<p><label> Surname<br \/>\n<span class=\"wpcf7-form-control-wrap\" data-name=\"your-surname\"><input size=\"40\" maxlength=\"400\" class=\"wpcf7-form-control wpcf7-text wpcf7-validates-as-required\" aria-required=\"true\" aria-invalid=\"false\" placeholder=\"Required\" value=\"\" type=\"text\" name=\"your-surname\" \/><\/span> <\/label>\n<\/p>\n<p><label> Your Email<br \/>\n<span class=\"wpcf7-form-control-wrap\" data-name=\"your-email\"><input size=\"40\" maxlength=\"400\" class=\"wpcf7-form-control wpcf7-email wpcf7-validates-as-required wpcf7-text wpcf7-validates-as-email\" aria-required=\"true\" aria-invalid=\"false\" placeholder=\"Required\" value=\"\" type=\"email\" name=\"your-email\" \/><\/span> <\/label>\n<\/p>\n<p><label> Phone<br \/>\n<span class=\"wpcf7-form-control-wrap intl_tel_592\"><input class=\"wpcf7-form-control wpcf7-intl_tel wpcf7-validates-as-required wpcf7-intl-tel\" aria-required=\"true\" aria-invalid=\"false\" data-initialcountry=\"us\" data-preferredcountries=\"pa\" value=\"\" type=\"tel\" name=\"intl_tel_592-cf7it-national\" \/><input name=\"intl_tel_592\" type=\"hidden\" class=\"wpcf7-intl-tel-full\" \/><input type=\"hidden\" name=\"intl_tel_592-cf7it-country-name\" class=\"wpcf7-intl-tel-country-name\" \/><input type=\"hidden\" name=\"intl_tel_592-cf7it-country-code\" class=\"wpcf7-intl-tel-country-code\" \/><input type=\"hidden\" name=\"intl_tel_592-cf7it-country-iso2\" class=\"wpcf7-intl-tel-country-iso2\" \/><\/span><br \/>\n<\/label>\n<\/p>\n<p><label> Your Message<br \/>\n<span class=\"wpcf7-form-control-wrap\" data-name=\"your-message\"><textarea cols=\"40\" rows=\"10\" maxlength=\"2000\" class=\"wpcf7-form-control wpcf7-textarea\" aria-invalid=\"false\" placeholder=\"Please let us know how we can help you\" name=\"your-message\"><\/textarea><\/span> <\/label>\n<\/p>\n<input class=\"wpcf7-form-control wpcf7-hidden\" value=\"\" type=\"hidden\" name=\"page_url\" \/>\n<p><input class=\"wpcf7-form-control wpcf7-submit has-spinner\" type=\"submit\" value=\"Send\" \/>\n<\/p><div class=\"wpcf7-response-output\" aria-hidden=\"true\"><\/div>\n<\/form>\n<\/div>\n<\/div><\/div>\t\t\t\t<\/div>\n\t\t\t\t<\/div>\n\t\t\t\t\t<\/div>\n\t\t<\/div>\n\t\t\t\t<div class=\"elementor-column elementor-col-33 elementor-top-column elementor-element elementor-element-22a45ce\" data-id=\"22a45ce\" data-element_type=\"column\" data-e-type=\"column\">\n\t\t\t<div class=\"elementor-widget-wrap elementor-element-populated\">\n\t\t\t\t\t\t<div class=\"elementor-element elementor-element-5d6faf9 elementor-widget elementor-widget-text-editor\" data-id=\"5d6faf9\" data-element_type=\"widget\" data-e-type=\"widget\" data-widget_type=\"text-editor.default\">\n\t\t\t\t<div class=\"elementor-widget-container\">\n\t\t\t\t\t\t\t\t\t<div class=\"wpb_text_column wpb_content_element \"><div class=\"wpb_wrapper\"><h3>\u00bfNecesitas informaci\u00f3n sobre Panam\u00e1?<\/h3><ul><li>Permisos de migraci\u00f3n<\/li><li>Oportunidades de inversi\u00f3n en Panam\u00e1<\/li><li>C\u00f3mo comprar una propiedad en Panam\u00e1<\/li><li>Propiedades de playa en Panam\u00e1<\/li><li>Comprar o rentar propiedad en Panam\u00e1<\/li><\/ul><p>No dude en contactarnos sin importar donde te encuentres.<\/p><\/div><\/div><div class=\"wpb_text_column wpb_content_element \"><div class=\"wpb_wrapper\"><h3>N\u00fameros Locales:<\/h3><p>Panama +(507) 6327-9953<\/p><p>USA +(1) 727 364 2591<\/p><\/div><\/div>\t\t\t\t\t\t\t\t<\/div>\n\t\t\t\t<\/div>\n\t\t\t\t\t<\/div>\n\t\t<\/div>\n\t\t\t\t<div class=\"elementor-column elementor-col-33 elementor-top-column elementor-element elementor-element-4121207\" data-id=\"4121207\" data-element_type=\"column\" data-e-type=\"column\">\n\t\t\t<div class=\"elementor-widget-wrap elementor-element-populated\">\n\t\t\t\t\t\t<div class=\"elementor-element elementor-element-cc1c9fa elementor-widget elementor-widget-text-editor\" data-id=\"cc1c9fa\" data-element_type=\"widget\" data-e-type=\"widget\" data-widget_type=\"text-editor.default\">\n\t\t\t\t<div class=\"elementor-widget-container\">\n\t\t\t\t\t\t\t\t\t<div class=\"wpb_text_column wpb_content_element \"><div class=\"wpb_wrapper\"><div class=\"wpb_text_column wpb_content_element vc_custom_1540227792086\"><div class=\"wpb_wrapper\"><p class=\"padding-top\"><strong>Para cualquier consulta por favor cont\u00e1ctenos<\/strong><strong>:<\/strong><\/p><p>Street Mall, 3rd floor, Office 308<\/p><p>Ciudad de Panam\u00e1, Ave. Brasil con Ave. Israel.<\/p><p><a href=\"mailto:info@metrorealtypanama.com\">info@metrorealtypanama.com<\/a><\/p><\/div><\/div><div class=\"wpb_text_column wpb_content_element vc_custom_1497897495356\"><div class=\"wpb_wrapper\"><p class=\"padding-top\"><strong>Oficinas centrales<\/strong><br \/>008467 Ciudad de Panam\u00e1, Panam\u00e1.<\/p><\/div><\/div><\/div><\/div>\t\t\t\t\t\t\t\t<\/div>\n\t\t\t\t<\/div>\n\t\t\t\t\t<\/div>\n\t\t<\/div>\n\t\t\t\t\t<\/div>\n\t\t<\/section>\n\t\t\t\t<\/div>\n\t\t","protected":false},"excerpt":{"rendered":"<p>Primer Nombre Apellido Email Celular Asunto \u00bfNecesitas informaci\u00f3n sobre Panam\u00e1? Permisos de migraci\u00f3n Oportunidades de inversi\u00f3n en Panam\u00e1 C\u00f3mo comprar una propiedad en Panam\u00e1 Propiedades de playa en Panam\u00e1 Comprar o rentar propiedad en Panam\u00e1 No dude en contactarnos sin importar donde te encuentres. N\u00fameros Locales: Panama +(507) 6327-9953 USA +(1) 727 364 2591 Para [&hellip;]<\/p>\n","protected":false},"author":31,"featured_media":0,"parent":0,"menu_order":0,"comment_status":"closed","ping_status":"closed","template":"template\/template-page.php","meta":{"_acf_changed":false,"footnotes":""},"class_list":["post-3253","page","type-page","status-publish","hentry"],"acf":[],"aioseo_notices":[],"aioseo_head":"\n\t\t<!-- All in One SEO Pro 4.9.5.2 - aioseo.com -->\n\t<meta name=\"description\" content=\"First Name Surname Your Email Phone Your Message \u00bfNecesitas informaci\u00f3n sobre Panam\u00e1?Permisos de migraci\u00f3nOportunidades de inversi\u00f3n en Panam\u00e1C\u00f3mo comprar una propiedad en Panam\u00e1Propiedades de playa en Panam\u00e1Comprar o rentar propiedad en Panam\u00e1No dude en contactarnos sin importar donde te encuentres.N\u00fameros Locales:Panama +(507) 6327-9953USA +(1) 727 364 2591 Para cualquier consulta por favor cont\u00e1ctenos:Street Mall, 3rd\" \/>\n\t<meta name=\"robots\" content=\"max-image-preview:large\" \/>\n\t<meta name=\"msvalidate.01\" content=\"018CAF02C813ED25E2A2E75353082B4B\" \/>\n\t<link rel=\"canonical\" href=\"https:\/\/metrorealtypanama.com\/es\/contact\/\" \/>\n\t<meta name=\"generator\" content=\"All in One SEO Pro (AIOSEO) 4.9.5.2\" \/>\n\t\t<meta property=\"og:locale\" content=\"es_ES\" \/>\n\t\t<meta property=\"og:site_name\" content=\"Metro Realty Panama | Find &amp; Sell Your Panama Real Estate Properties with Metro Realty\" \/>\n\t\t<meta property=\"og:type\" content=\"article\" \/>\n\t\t<meta property=\"og:title\" content=\"Cont\u00e1ctenos | Metro Realty Panama\" \/>\n\t\t<meta property=\"og:description\" content=\"First Name Surname Your Email Phone Your Message \u00bfNecesitas informaci\u00f3n sobre Panam\u00e1?Permisos de migraci\u00f3nOportunidades de inversi\u00f3n en Panam\u00e1C\u00f3mo comprar una propiedad en Panam\u00e1Propiedades de playa en Panam\u00e1Comprar o rentar propiedad en Panam\u00e1No dude en contactarnos sin importar donde te encuentres.N\u00fameros Locales:Panama +(507) 6327-9953USA +(1) 727 364 2591 Para cualquier consulta por favor cont\u00e1ctenos:Street Mall, 3rd\" \/>\n\t\t<meta property=\"og:url\" content=\"https:\/\/metrorealtypanama.com\/es\/contact\/\" \/>\n\t\t<meta property=\"og:image\" content=\"https:\/\/metrorealtypanama.com\/wp-content\/uploads\/2023\/03\/facebook-metro-realty-panama.webp\" \/>\n\t\t<meta property=\"og:image:secure_url\" content=\"https:\/\/metrorealtypanama.com\/wp-content\/uploads\/2023\/03\/facebook-metro-realty-panama.webp\" \/>\n\t\t<meta property=\"og:image:width\" content=\"1246\" \/>\n\t\t<meta property=\"og:image:height\" content=\"1251\" \/>\n\t\t<meta property=\"article:published_time\" content=\"2016-03-16T19:50:28+00:00\" \/>\n\t\t<meta property=\"article:modified_time\" content=\"2025-09-22T17:15:13+00:00\" \/>\n\t\t<meta property=\"article:publisher\" content=\"https:\/\/facebook.com\/MetroRealtyPanama\" \/>\n\t\t<meta name=\"twitter:card\" content=\"summary\" \/>\n\t\t<meta name=\"twitter:site\" content=\"@MetroRealtyPanama\" \/>\n\t\t<meta name=\"twitter:title\" content=\"Cont\u00e1ctenos | Metro Realty Panama\" \/>\n\t\t<meta name=\"twitter:description\" content=\"First Name Surname Your Email Phone Your Message \u00bfNecesitas informaci\u00f3n sobre Panam\u00e1?Permisos de migraci\u00f3nOportunidades de inversi\u00f3n en Panam\u00e1C\u00f3mo comprar una propiedad en Panam\u00e1Propiedades de playa en Panam\u00e1Comprar o rentar propiedad en Panam\u00e1No dude en contactarnos sin importar donde te encuentres.N\u00fameros Locales:Panama +(507) 6327-9953USA +(1) 727 364 2591 Para cualquier consulta por favor cont\u00e1ctenos:Street Mall, 3rd\" \/>\n\t\t<meta name=\"twitter:creator\" content=\"@MetroRealtyPanama\" \/>\n\t\t<meta name=\"twitter:image\" content=\"https:\/\/www.metrorealtypanama.com\/wp-content\/uploads\/2022\/09\/logo-1x1-actualizado-fondo-copy.jpg\" \/>\n\t\t<script type=\"application\/ld+json\" class=\"aioseo-schema\">\n\t\t\t{\"@context\":\"https:\\\/\\\/schema.org\",\"@graph\":[{\"@type\":\"BreadcrumbList\",\"@id\":\"https:\\\/\\\/metrorealtypanama.com\\\/es\\\/contact\\\/#breadcrumblist\",\"itemListElement\":[{\"@type\":\"ListItem\",\"@id\":\"https:\\\/\\\/metrorealtypanama.com\\\/es\\\/#listItem\",\"position\":1,\"name\":\"Home\",\"item\":\"https:\\\/\\\/metrorealtypanama.com\\\/es\\\/\",\"nextItem\":{\"@type\":\"ListItem\",\"@id\":\"https:\\\/\\\/metrorealtypanama.com\\\/es\\\/contact\\\/#listItem\",\"name\":\"Cont\\u00e1ctenos\"}},{\"@type\":\"ListItem\",\"@id\":\"https:\\\/\\\/metrorealtypanama.com\\\/es\\\/contact\\\/#listItem\",\"position\":2,\"name\":\"Cont\\u00e1ctenos\",\"previousItem\":{\"@type\":\"ListItem\",\"@id\":\"https:\\\/\\\/metrorealtypanama.com\\\/es\\\/#listItem\",\"name\":\"Home\"}}]},{\"@type\":\"Organization\",\"@id\":\"https:\\\/\\\/metrorealtypanama.com\\\/es\\\/#organization\",\"name\":\"Metro Realty Panama\",\"description\":\"Find & Sell Your Panama Real Estate Properties with Metro Realty\",\"url\":\"https:\\\/\\\/metrorealtypanama.com\\\/es\\\/\",\"email\":\"info@metrorealtypanama.com\",\"telephone\":\"+17273642591\",\"logo\":{\"@type\":\"ImageObject\",\"url\":\"https:\\\/\\\/metrorealtypanama.com\\\/wp-content\\\/uploads\\\/2023\\\/03\\\/metro-realty-panama.webp\",\"@id\":\"https:\\\/\\\/metrorealtypanama.com\\\/es\\\/contact\\\/#organizationLogo\",\"width\":463,\"height\":455,\"caption\":\"metro realty panama\"},\"image\":{\"@id\":\"https:\\\/\\\/metrorealtypanama.com\\\/es\\\/contact\\\/#organizationLogo\"},\"sameAs\":[\"https:\\\/\\\/facebook.com\\\/MetroRealtyPanama\",\"https:\\\/\\\/x.com\\\/MetroRealtyPanama\",\"https:\\\/\\\/instagram.com\\\/MetroRealtyPanama\",\"https:\\\/\\\/pinterest.com\\\/MetroRealtyPanama\",\"https:\\\/\\\/youtube.com\\\/MetroRealtyPanama\",\"https:\\\/\\\/linkedin.com\\\/in\\\/MetroRealtyPanama\"],\"address\":{\"@id\":\"https:\\\/\\\/metrorealtypanama.com\\\/es\\\/#postaladdress\",\"@type\":\"PostalAddress\",\"streetAddress\":\"Street Mall, 3rd floor, Office 308,\",\"addressLocality\":\"Panama City\",\"addressRegion\":\"Panama\"}},{\"@type\":\"WebPage\",\"@id\":\"https:\\\/\\\/metrorealtypanama.com\\\/es\\\/contact\\\/#webpage\",\"url\":\"https:\\\/\\\/metrorealtypanama.com\\\/es\\\/contact\\\/\",\"name\":\"Cont\\u00e1ctenos | Metro Realty Panama\",\"description\":\"First Name Surname Your Email Phone Your Message \\u00bfNecesitas informaci\\u00f3n sobre Panam\\u00e1?Permisos de migraci\\u00f3nOportunidades de inversi\\u00f3n en Panam\\u00e1C\\u00f3mo comprar una propiedad en Panam\\u00e1Propiedades de playa en Panam\\u00e1Comprar o rentar propiedad en Panam\\u00e1No dude en contactarnos sin importar donde te encuentres.N\\u00fameros Locales:Panama +(507) 6327-9953USA +(1) 727 364 2591 Para cualquier consulta por favor cont\\u00e1ctenos:Street Mall, 3rd\",\"inLanguage\":\"es-ES\",\"isPartOf\":{\"@id\":\"https:\\\/\\\/metrorealtypanama.com\\\/es\\\/#website\"},\"breadcrumb\":{\"@id\":\"https:\\\/\\\/metrorealtypanama.com\\\/es\\\/contact\\\/#breadcrumblist\"},\"datePublished\":\"2016-03-16T19:50:28-05:00\",\"dateModified\":\"2025-09-22T12:15:13-05:00\"},{\"@type\":\"WebSite\",\"@id\":\"https:\\\/\\\/metrorealtypanama.com\\\/es\\\/#website\",\"url\":\"https:\\\/\\\/metrorealtypanama.com\\\/es\\\/\",\"name\":\"Metro Realty Panama\",\"description\":\"Find & Sell Your Panama Real Estate Properties with Metro Realty\",\"inLanguage\":\"es-ES\",\"publisher\":{\"@id\":\"https:\\\/\\\/metrorealtypanama.com\\\/es\\\/#organization\"}}]}\n\t\t<\/script>\n\t\t<script type=\"text\/javascript\">\n\t\t\t(function(c,l,a,r,i,t,y){\n\t\t\tc[a]=c[a]||function(){(c[a].q=c[a].q||[]).push(arguments)};t=l.createElement(r);t.async=1;\n\t\t\tt.src=\"https:\/\/www.clarity.ms\/tag\/\"+i+\"?ref=aioseo\";y=l.getElementsByTagName(r)[0];y.parentNode.insertBefore(t,y);\n\t\t})(window, document, \"clarity\", \"script\", \"Metro Realty\");\n\t\t<\/script>\n\t\t<!-- All in One SEO Pro -->\r\n\t\t<title>Cont\u00e1ctenos | Metro Realty Panama<\/title>\n\n","aioseo_head_json":{"title":"Cont\u00e1ctenos | Metro Realty Panama","description":"First Name Surname Your Email Phone Your Message \u00bfNecesitas informaci\u00f3n sobre Panam\u00e1?Permisos de migraci\u00f3nOportunidades de inversi\u00f3n en Panam\u00e1C\u00f3mo comprar una propiedad en Panam\u00e1Propiedades de playa en Panam\u00e1Comprar o rentar propiedad en Panam\u00e1No dude en contactarnos sin importar donde te encuentres.N\u00fameros Locales:Panama +(507) 6327-9953USA +(1) 727 364 2591 Para cualquier consulta por favor cont\u00e1ctenos:Street Mall, 3rd","canonical_url":"https:\/\/metrorealtypanama.com\/es\/contact\/","robots":"max-image-preview:large","keywords":"","webmasterTools":{"msvalidate.01":"018CAF02C813ED25E2A2E75353082B4B","miscellaneous":""},"schema":{"@context":"https:\/\/schema.org","@graph":[{"@type":"BreadcrumbList","@id":"https:\/\/metrorealtypanama.com\/es\/contact\/#breadcrumblist","itemListElement":[{"@type":"ListItem","@id":"https:\/\/metrorealtypanama.com\/es\/#listItem","position":1,"name":"Home","item":"https:\/\/metrorealtypanama.com\/es\/","nextItem":{"@type":"ListItem","@id":"https:\/\/metrorealtypanama.com\/es\/contact\/#listItem","name":"Cont\u00e1ctenos"}},{"@type":"ListItem","@id":"https:\/\/metrorealtypanama.com\/es\/contact\/#listItem","position":2,"name":"Cont\u00e1ctenos","previousItem":{"@type":"ListItem","@id":"https:\/\/metrorealtypanama.com\/es\/#listItem","name":"Home"}}]},{"@type":"Organization","@id":"https:\/\/metrorealtypanama.com\/es\/#organization","name":"Metro Realty Panama","description":"Find & Sell Your Panama Real Estate Properties with Metro Realty","url":"https:\/\/metrorealtypanama.com\/es\/","email":"info@metrorealtypanama.com","telephone":"+17273642591","logo":{"@type":"ImageObject","url":"https:\/\/metrorealtypanama.com\/wp-content\/uploads\/2023\/03\/metro-realty-panama.webp","@id":"https:\/\/metrorealtypanama.com\/es\/contact\/#organizationLogo","width":463,"height":455,"caption":"metro realty panama"},"image":{"@id":"https:\/\/metrorealtypanama.com\/es\/contact\/#organizationLogo"},"sameAs":["https:\/\/facebook.com\/MetroRealtyPanama","https:\/\/x.com\/MetroRealtyPanama","https:\/\/instagram.com\/MetroRealtyPanama","https:\/\/pinterest.com\/MetroRealtyPanama","https:\/\/youtube.com\/MetroRealtyPanama","https:\/\/linkedin.com\/in\/MetroRealtyPanama"],"address":{"@id":"https:\/\/metrorealtypanama.com\/es\/#postaladdress","@type":"PostalAddress","streetAddress":"Street Mall, 3rd floor, Office 308,","addressLocality":"Panama City","addressRegion":"Panama"}},{"@type":"WebPage","@id":"https:\/\/metrorealtypanama.com\/es\/contact\/#webpage","url":"https:\/\/metrorealtypanama.com\/es\/contact\/","name":"Cont\u00e1ctenos | Metro Realty Panama","description":"First Name Surname Your Email Phone Your Message \u00bfNecesitas informaci\u00f3n sobre Panam\u00e1?Permisos de migraci\u00f3nOportunidades de inversi\u00f3n en Panam\u00e1C\u00f3mo comprar una propiedad en Panam\u00e1Propiedades de playa en Panam\u00e1Comprar o rentar propiedad en Panam\u00e1No dude en contactarnos sin importar donde te encuentres.N\u00fameros Locales:Panama +(507) 6327-9953USA +(1) 727 364 2591 Para cualquier consulta por favor cont\u00e1ctenos:Street Mall, 3rd","inLanguage":"es-ES","isPartOf":{"@id":"https:\/\/metrorealtypanama.com\/es\/#website"},"breadcrumb":{"@id":"https:\/\/metrorealtypanama.com\/es\/contact\/#breadcrumblist"},"datePublished":"2016-03-16T19:50:28-05:00","dateModified":"2025-09-22T12:15:13-05:00"},{"@type":"WebSite","@id":"https:\/\/metrorealtypanama.com\/es\/#website","url":"https:\/\/metrorealtypanama.com\/es\/","name":"Metro Realty Panama","description":"Find & Sell Your Panama Real Estate Properties with Metro Realty","inLanguage":"es-ES","publisher":{"@id":"https:\/\/metrorealtypanama.com\/es\/#organization"}}]},"og:locale":"es_ES","og:site_name":"Metro Realty Panama | Find &amp; Sell Your Panama Real Estate Properties with Metro Realty","og:type":"article","og:title":"Cont\u00e1ctenos | Metro Realty Panama","og:description":"First Name Surname Your Email Phone Your Message \u00bfNecesitas informaci\u00f3n sobre Panam\u00e1?Permisos de migraci\u00f3nOportunidades de inversi\u00f3n en Panam\u00e1C\u00f3mo comprar una propiedad en Panam\u00e1Propiedades de playa en Panam\u00e1Comprar o rentar propiedad en Panam\u00e1No dude en contactarnos sin importar donde te encuentres.N\u00fameros Locales:Panama +(507) 6327-9953USA +(1) 727 364 2591 Para cualquier consulta por favor cont\u00e1ctenos:Street Mall, 3rd","og:url":"https:\/\/metrorealtypanama.com\/es\/contact\/","og:image":"https:\/\/metrorealtypanama.com\/wp-content\/uploads\/2023\/03\/facebook-metro-realty-panama.webp","og:image:secure_url":"https:\/\/metrorealtypanama.com\/wp-content\/uploads\/2023\/03\/facebook-metro-realty-panama.webp","og:image:width":1246,"og:image:height":1251,"article:published_time":"2016-03-16T19:50:28+00:00","article:modified_time":"2025-09-22T17:15:13+00:00","article:publisher":"https:\/\/facebook.com\/MetroRealtyPanama","twitter:card":"summary","twitter:site":"@MetroRealtyPanama","twitter:title":"Cont\u00e1ctenos | Metro Realty Panama","twitter:description":"First Name Surname Your Email Phone Your Message \u00bfNecesitas informaci\u00f3n sobre Panam\u00e1?Permisos de migraci\u00f3nOportunidades de inversi\u00f3n en Panam\u00e1C\u00f3mo comprar una propiedad en Panam\u00e1Propiedades de playa en Panam\u00e1Comprar o rentar propiedad en Panam\u00e1No dude en contactarnos sin importar donde te encuentres.N\u00fameros Locales:Panama +(507) 6327-9953USA +(1) 727 364 2591 Para cualquier consulta por favor cont\u00e1ctenos:Street Mall, 3rd","twitter:creator":"@MetroRealtyPanama","twitter:image":"https:\/\/www.metrorealtypanama.com\/wp-content\/uploads\/2022\/09\/logo-1x1-actualizado-fondo-copy.jpg"},"aioseo_meta_data":{"post_id":"3253","title":null,"description":null,"keywords":[],"keyphrases":{"focus":[],"additional":[]},"primary_term":null,"canonical_url":null,"og_title":null,"og_description":null,"og_object_type":"default","og_image_type":"default","og_image_url":null,"og_image_width":null,"og_image_height":null,"og_image_custom_url":null,"og_image_custom_fields":null,"og_video":"","og_custom_url":null,"og_article_section":null,"og_article_tags":[],"twitter_use_og":false,"twitter_card":"default","twitter_image_type":"default","twitter_image_url":null,"twitter_image_custom_url":null,"twitter_image_custom_fields":null,"twitter_title":null,"twitter_description":null,"schema":{"blockGraphs":[],"customGraphs":[],"default":{"data":{"Article":[],"Course":[],"Dataset":[],"FAQPage":[],"Movie":[],"Person":[],"Product":[],"ProductReview":[],"Car":[],"Recipe":[],"Service":[],"SoftwareApplication":[],"WebPage":[]},"graphName":"","isEnabled":true},"graphs":[],"defaultGraph":"WebPage","defaultPostTypeGraph":""},"schema_type":"default","schema_type_options":"{\"article\":{\"articleType\":\"BlogPosting\"},\"course\":{\"name\":\"\",\"description\":\"\",\"provider\":\"\"},\"faq\":{\"pages\":[]},\"product\":{\"reviews\":[]},\"recipe\":{\"ingredients\":[],\"instructions\":[],\"keywords\":[]},\"software\":{\"reviews\":[],\"operatingSystems\":[]},\"webPage\":{\"webPageType\":\"WebPage\"}}","pillar_content":false,"robots_default":true,"robots_noindex":false,"robots_noarchive":false,"robots_nosnippet":false,"robots_nofollow":false,"robots_noimageindex":false,"robots_noodp":false,"robots_notranslate":false,"robots_max_snippet":"-1","robots_max_videopreview":"-1","robots_max_imagepreview":"large","priority":null,"frequency":"default","local_seo":null,"seo_analyzer_scan_date":"2025-10-16 20:52:10","breadcrumb_settings":null,"limit_modified_date":false,"reviewed_by":null,"open_ai":null,"ai":null,"created":"2021-09-21 05:05:44","updated":"2025-10-20 17:18:38"},"aioseo_breadcrumb":"<div class=\"aioseo-breadcrumbs\"><span class=\"aioseo-breadcrumb\">\n\t<a href=\"https:\/\/metrorealtypanama.com\/es\/\" title=\"Home\">Home<\/a>\n<\/span><span class=\"aioseo-breadcrumb-separator\">&raquo;<\/span><span class=\"aioseo-breadcrumb\">\n\tCont\u00e1ctenos\n<\/span><\/div>","aioseo_breadcrumb_json":[{"label":"Home","link":"https:\/\/metrorealtypanama.com\/es\/"},{"label":"Cont\u00e1ctenos","link":"https:\/\/metrorealtypanama.com\/es\/contact\/"}],"_links":{"self":[{"href":"https:\/\/metrorealtypanama.com\/es\/wp-json\/wp\/v2\/pages\/3253","targetHints":{"allow":["GET"]}}],"collection":[{"href":"https:\/\/metrorealtypanama.com\/es\/wp-json\/wp\/v2\/pages"}],"about":[{"href":"https:\/\/metrorealtypanama.com\/es\/wp-json\/wp\/v2\/types\/page"}],"author":[{"embeddable":true,"href":"https:\/\/metrorealtypanama.com\/es\/wp-json\/wp\/v2\/users\/31"}],"replies":[{"embeddable":true,"href":"https:\/\/metrorealtypanama.com\/es\/wp-json\/wp\/v2\/comments?post=3253"}],"version-history":[{"count":39,"href":"https:\/\/metrorealtypanama.com\/es\/wp-json\/wp\/v2\/pages\/3253\/revisions"}],"predecessor-version":[{"id":78195,"href":"https:\/\/metrorealtypanama.com\/es\/wp-json\/wp\/v2\/pages\/3253\/revisions\/78195"}],"wp:attachment":[{"href":"https:\/\/metrorealtypanama.com\/es\/wp-json\/wp\/v2\/media?parent=3253"}],"curies":[{"name":"wp","href":"https:\/\/api.w.org\/{rel}","templated":true}]}}